{"id":2394,"date":"2022-01-29T16:00:46","date_gmt":"2022-01-29T15:00:46","guid":{"rendered":"http:\/\/cavalcadadereis.cat\/svh\/?page_id=2394"},"modified":"2024-01-03T21:03:50","modified_gmt":"2024-01-03T20:03:50","slug":"els-reis-mags","status":"publish","type":"page","link":"https:\/\/cavalcadadereis.cat\/svh\/la-cavalcada\/els-reis-mags\/","title":{"rendered":"Els Reis d&#8217;Orient"},"content":{"rendered":"<p>[et_pb_section fb_built=&#8221;1&#8243; _builder_version=&#8221;4.16&#8243; background_color=&#8221;#E3933F&#8221; custom_padding=&#8221;0px||0px|||&#8221; transparent_background=&#8221;on&#8221; global_colors_info=&#8221;{}&#8221;][et_pb_row _builder_version=&#8221;4.23.3&#8243; background_color=&#8221;#FBC159&#8243; background_size=&#8221;initial&#8221; background_position=&#8221;top_left&#8221; background_repeat=&#8221;repeat&#8221; width=&#8221;94.3%&#8221; border_color_all=&#8221;#E6E6E6&#8243; border_width_right=&#8221;12px&#8221; border_width_left=&#8221;12px&#8221; global_colors_info=&#8221;{}&#8221;][et_pb_column type=&#8221;4_4&#8243; _builder_version=&#8221;4.16&#8243; custom_padding=&#8221;|||&#8221; global_colors_info=&#8221;{}&#8221; custom_padding__hover=&#8221;|||&#8221;][et_pb_post_title meta=&#8221;off&#8221; featured_image=&#8221;off&#8221; _builder_version=&#8221;4.23.3&#8243; title_font=&#8221;Merienda|700|||||||&#8221; title_text_color=&#8221;#FFFFFF&#8221; title_font_size=&#8221;28px&#8221; title_letter_spacing=&#8221;1px&#8221; background_color=&#8221;#2B2568&#8243; parallax=&#8221;on&#8221; parallax_method=&#8221;off&#8221; width=&#8221;26%&#8221; module_alignment=&#8221;left&#8221; custom_padding=&#8221;9px||4px|20px|false|false&#8221; hover_enabled=&#8221;0&#8243; border_color_bottom=&#8221;#FBC159&#8243; parallax_effect=&#8221;on&#8221; use_border_color=&#8221;off&#8221; border_color=&#8221;#ffffff&#8221; border_style=&#8221;solid&#8221; global_colors_info=&#8221;{}&#8221; sticky_enabled=&#8221;0&#8243; width_last_edited=&#8221;on|phone&#8221; width_phone=&#8221;100%&#8221; width_tablet=&#8221;26%&#8221;][\/et_pb_post_title][\/et_pb_column][\/et_pb_row][et_pb_row column_structure=&#8221;1_3,1_3,1_3&#8243; _builder_version=&#8221;4.23.3&#8243; _module_preset=&#8221;default&#8221; background_color=&#8221;#FBC159&#8243; background_size=&#8221;initial&#8221; background_position=&#8221;top_left&#8221; background_repeat=&#8221;repeat&#8221; width=&#8221;94.3%&#8221; border_color_all=&#8221;#E6E6E6&#8243; border_width_right=&#8221;12px&#8221; border_width_left=&#8221;12px&#8221; global_colors_info=&#8221;{}&#8221;][et_pb_column type=&#8221;1_3&#8243; _builder_version=&#8221;4.23.3&#8243; _module_preset=&#8221;default&#8221; global_colors_info=&#8221;{}&#8221;][et_pb_image src=&#8221;https:\/\/cavalcadadereis.cat\/svh\/wp-content\/uploads\/2023\/12\/MV20220105_158.jpg&#8221; title_text=&#8221;MV20220105_158&#8243; _builder_version=&#8221;4.23.3&#8243; _module_preset=&#8221;default&#8221; global_colors_info=&#8221;{}&#8221;][\/et_pb_image][\/et_pb_column][et_pb_column type=&#8221;1_3&#8243; _builder_version=&#8221;4.23.3&#8243; _module_preset=&#8221;default&#8221; global_colors_info=&#8221;{}&#8221;][et_pb_image src=&#8221;https:\/\/cavalcadadereis.cat\/svh\/wp-content\/uploads\/2023\/12\/MV20220105_159.jpg&#8221; title_text=&#8221;MV20220105_159&#8243; _builder_version=&#8221;4.23.3&#8243; _module_preset=&#8221;default&#8221; global_colors_info=&#8221;{}&#8221;][\/et_pb_image][\/et_pb_column][et_pb_column type=&#8221;1_3&#8243; _builder_version=&#8221;4.23.3&#8243; _module_preset=&#8221;default&#8221; global_colors_info=&#8221;{}&#8221;][et_pb_image src=&#8221;https:\/\/cavalcadadereis.cat\/svh\/wp-content\/uploads\/2023\/12\/MV20220105_160.jpg&#8221; title_text=&#8221;MV20220105_160&#8243; _builder_version=&#8221;4.23.3&#8243; _module_preset=&#8221;default&#8221; global_colors_info=&#8221;{}&#8221;][\/et_pb_image][\/et_pb_column][\/et_pb_row][et_pb_row _builder_version=&#8221;4.23.3&#8243; _module_preset=&#8221;default&#8221; background_color=&#8221;#FBC159&#8243; background_size=&#8221;initial&#8221; background_position=&#8221;top_left&#8221; background_repeat=&#8221;repeat&#8221; width=&#8221;94.3%&#8221; border_color_all=&#8221;#E6E6E6&#8243; border_width_right=&#8221;12px&#8221; border_width_bottom=&#8221;12px&#8221; border_width_left=&#8221;12px&#8221; global_colors_info=&#8221;{}&#8221;][et_pb_column type=&#8221;4_4&#8243; _builder_version=&#8221;4.23.3&#8243; _module_preset=&#8221;default&#8221; global_colors_info=&#8221;{}&#8221;][et_pb_image src=&#8221;https:\/\/cavalcadadereis.cat\/svh\/wp-content\/uploads\/2022\/01\/MV20220105_155.jpg&#8221; disabled_on=&#8221;on|on|on&#8221; _builder_version=&#8221;4.16&#8243; _module_preset=&#8221;default&#8221; width=&#8221;72%&#8221; module_alignment=&#8221;center&#8221; disabled=&#8221;on&#8221; global_colors_info=&#8221;{}&#8221;][\/et_pb_image][et_pb_text _builder_version=&#8221;4.23.3&#8243; _module_preset=&#8221;default&#8221; text_text_color=&#8221;#242424&#8243; link_text_color=&#8221;#A31915&#8243; text_orientation=&#8221;justified&#8221; width=&#8221;94%&#8221; module_alignment=&#8221;center&#8221; hover_enabled=&#8221;0&#8243; global_colors_info=&#8221;{}&#8221; width_last_edited=&#8221;on|phone&#8221; width_phone=&#8221;90%&#8221; sticky_enabled=&#8221;0&#8243; width_tablet=&#8221;94%&#8221;]<\/p>\n<p>Els tres Reis d&#8217;Orient arriben a Sant Vicen\u00e7 cada 5 de gener per repartir milions de regals a les llars de petits i grans. En el seu origen van portar or, encens i mirra al nen Jes\u00fas, guiats per un estel fins a Betlem. Tothom coneix a Ses Majestats com a <strong>Melcior, Gaspar i Baltasar<\/strong>, o Rei Blanc, Rei Ros i Rei Negre.<\/p>\n<p><strong>La Nit de Reis \u00e9s un dels dies m\u00e9s esperats de l\u2019any<\/strong>, \u00e9s un dia ple d\u2019encant i il\u00b7lusi\u00f3 per tothom. Els Reis tenen poders, i per aix\u00f2, tenen la capacitat de ser a molts llocs a la vegada. Poden apar\u00e8ixer en carrossa o camell, recollir les cartes, donar caramels, participar en m\u00e9s d\u2019una cavalcada i repartir regals -o carb\u00f3-<wbr \/>\u00a0per tot el planeta. De fet, els m\u00e9s atents els deixen menjar i beure per ajudar-<wbr \/>los a passar la que per ells \u00e9s, sens dubte, la nit m\u00e9s llarga de l\u2019any.<\/p>\n<p>Ses Majestats els Reis Mags s\u2019omplen de joia de poder robar el somriure als ciutadans amb els seus regals i es prenen molt seriosament la seva tasca. S\u2019encarreguen de llegir, amb l\u2019ajuda dels Patges, les <strong><a href=\"https:\/\/cavalcadadereis.cat\/svh\/carta-als-reis\/\" target=\"_blank\" rel=\"noopener\">cartes<\/a><\/strong>\u00a0que tothom els fa arribar. Melcior, Gaspar i Baltasar sempre estan molt contents de visitar la vila de Sant Vicen\u00e7 i cada any arriben carregats de regals.<\/p>\n<p>Els Reis d&#8217;Orient nom\u00e9s desitgen una cosa: volen que el dia de Reis tothom sigui feli\u00e7 i es deixi portar per la seva m\u00e0gia. Aquest \u00e9s el seu aut\u00e8ntic regal.<\/p>\n<p>[\/et_pb_text][\/et_pb_column][\/et_pb_row][\/et_pb_section]<\/p>\n","protected":false},"excerpt":{"rendered":"<p>Els tres Reis d&#8217;Orient arriben a Sant Vicen\u00e7 cada 5 de gener per repartir milions de regals a les llars de petits i grans. En el seu origen van portar or, encens i mirra al nen Jes\u00fas, guiats per un estel fins a Betlem. Tothom coneix a Ses Majestats com a Melcior, Gaspar i Baltasar, [&hellip;]<\/p>\n","protected":false},"author":1,"featured_media":0,"parent":2292,"menu_order":1,"comment_status":"closed","ping_status":"closed","template":"","meta":{"_et_pb_use_builder":"on","_et_pb_old_content":"","_et_gb_content_width":"","footnotes":""},"folder":[26],"class_list":["post-2394","page","type-page","status-publish","hentry"],"yoast_head":"<!-- This site is optimized with the Yoast SEO plugin v26.6 - https:\/\/yoast.com\/wordpress\/plugins\/seo\/ -->\n<title>Els Reis d&#039;Orient - Cavalcada de Reis SVH<\/title>\n<meta name=\"robots\" content=\"index, follow, max-snippet:-1, max-image-preview:large, max-video-preview:-1\" \/>\n<link rel=\"canonical\" href=\"https:\/\/cavalcadadereis.cat\/svh\/la-cavalcada\/els-reis-mags\/\" \/>\n<meta property=\"og:locale\" content=\"ca_ES\" \/>\n<meta property=\"og:type\" content=\"article\" \/>\n<meta property=\"og:title\" content=\"Els Reis d&#039;Orient - Cavalcada de Reis SVH\" \/>\n<meta property=\"og:description\" content=\"Els tres Reis d&#039;Orient arriben a Sant Vicen\u00e7 cada 5 de gener per repartir milions de regals a les llars de petits i grans. En el seu origen van portar or, encens i mirra al nen Jes\u00fas, guiats per un estel fins a Betlem. Tothom coneix a Ses Majestats com a Melcior, Gaspar i Baltasar, [&hellip;]\" \/>\n<meta property=\"og:url\" content=\"https:\/\/cavalcadadereis.cat\/svh\/la-cavalcada\/els-reis-mags\/\" \/>\n<meta property=\"og:site_name\" content=\"Cavalcada de Reis SVH\" \/>\n<meta property=\"article:modified_time\" content=\"2024-01-03T20:03:50+00:00\" \/>\n<meta name=\"twitter:card\" content=\"summary_large_image\" \/>\n<meta name=\"twitter:label1\" content=\"Temps estimat de lectura\" \/>\n\t<meta name=\"twitter:data1\" content=\"2 minuts\" \/>\n<script type=\"application\/ld+json\" class=\"yoast-schema-graph\">{\"@context\":\"https:\/\/schema.org\",\"@graph\":[{\"@type\":\"WebPage\",\"@id\":\"https:\/\/cavalcadadereis.cat\/svh\/la-cavalcada\/els-reis-mags\/\",\"url\":\"https:\/\/cavalcadadereis.cat\/svh\/la-cavalcada\/els-reis-mags\/\",\"name\":\"Els Reis d'Orient - Cavalcada de Reis SVH\",\"isPartOf\":{\"@id\":\"https:\/\/cavalcadadereis.cat\/svh\/#website\"},\"datePublished\":\"2022-01-29T15:00:46+00:00\",\"dateModified\":\"2024-01-03T20:03:50+00:00\",\"breadcrumb\":{\"@id\":\"https:\/\/cavalcadadereis.cat\/svh\/la-cavalcada\/els-reis-mags\/#breadcrumb\"},\"inLanguage\":\"ca\",\"potentialAction\":[{\"@type\":\"ReadAction\",\"target\":[\"https:\/\/cavalcadadereis.cat\/svh\/la-cavalcada\/els-reis-mags\/\"]}]},{\"@type\":\"BreadcrumbList\",\"@id\":\"https:\/\/cavalcadadereis.cat\/svh\/la-cavalcada\/els-reis-mags\/#breadcrumb\",\"itemListElement\":[{\"@type\":\"ListItem\",\"position\":1,\"name\":\"Inici\",\"item\":\"https:\/\/cavalcadadereis.cat\/svh\/\"},{\"@type\":\"ListItem\",\"position\":2,\"name\":\"La Cavalcada\",\"item\":\"https:\/\/cavalcadadereis.cat\/svh\/la-cavalcada\/\"},{\"@type\":\"ListItem\",\"position\":3,\"name\":\"Els Reis d&#8217;Orient\"}]},{\"@type\":\"WebSite\",\"@id\":\"https:\/\/cavalcadadereis.cat\/svh\/#website\",\"url\":\"https:\/\/cavalcadadereis.cat\/svh\/\",\"name\":\"Cavalcada de Reis SVH\",\"description\":\"\",\"potentialAction\":[{\"@type\":\"SearchAction\",\"target\":{\"@type\":\"EntryPoint\",\"urlTemplate\":\"https:\/\/cavalcadadereis.cat\/svh\/?s={search_term_string}\"},\"query-input\":{\"@type\":\"PropertyValueSpecification\",\"valueRequired\":true,\"valueName\":\"search_term_string\"}}],\"inLanguage\":\"ca\"}]}<\/script>\n<!-- \/ Yoast SEO plugin. -->","yoast_head_json":{"title":"Els Reis d'Orient - Cavalcada de Reis SVH","robots":{"index":"index","follow":"follow","max-snippet":"max-snippet:-1","max-image-preview":"max-image-preview:large","max-video-preview":"max-video-preview:-1"},"canonical":"https:\/\/cavalcadadereis.cat\/svh\/la-cavalcada\/els-reis-mags\/","og_locale":"ca_ES","og_type":"article","og_title":"Els Reis d'Orient - Cavalcada de Reis SVH","og_description":"Els tres Reis d'Orient arriben a Sant Vicen\u00e7 cada 5 de gener per repartir milions de regals a les llars de petits i grans. En el seu origen van portar or, encens i mirra al nen Jes\u00fas, guiats per un estel fins a Betlem. Tothom coneix a Ses Majestats com a Melcior, Gaspar i Baltasar, [&hellip;]","og_url":"https:\/\/cavalcadadereis.cat\/svh\/la-cavalcada\/els-reis-mags\/","og_site_name":"Cavalcada de Reis SVH","article_modified_time":"2024-01-03T20:03:50+00:00","twitter_card":"summary_large_image","twitter_misc":{"Temps estimat de lectura":"2 minuts"},"schema":{"@context":"https:\/\/schema.org","@graph":[{"@type":"WebPage","@id":"https:\/\/cavalcadadereis.cat\/svh\/la-cavalcada\/els-reis-mags\/","url":"https:\/\/cavalcadadereis.cat\/svh\/la-cavalcada\/els-reis-mags\/","name":"Els Reis d'Orient - Cavalcada de Reis SVH","isPartOf":{"@id":"https:\/\/cavalcadadereis.cat\/svh\/#website"},"datePublished":"2022-01-29T15:00:46+00:00","dateModified":"2024-01-03T20:03:50+00:00","breadcrumb":{"@id":"https:\/\/cavalcadadereis.cat\/svh\/la-cavalcada\/els-reis-mags\/#breadcrumb"},"inLanguage":"ca","potentialAction":[{"@type":"ReadAction","target":["https:\/\/cavalcadadereis.cat\/svh\/la-cavalcada\/els-reis-mags\/"]}]},{"@type":"BreadcrumbList","@id":"https:\/\/cavalcadadereis.cat\/svh\/la-cavalcada\/els-reis-mags\/#breadcrumb","itemListElement":[{"@type":"ListItem","position":1,"name":"Inici","item":"https:\/\/cavalcadadereis.cat\/svh\/"},{"@type":"ListItem","position":2,"name":"La Cavalcada","item":"https:\/\/cavalcadadereis.cat\/svh\/la-cavalcada\/"},{"@type":"ListItem","position":3,"name":"Els Reis d&#8217;Orient"}]},{"@type":"WebSite","@id":"https:\/\/cavalcadadereis.cat\/svh\/#website","url":"https:\/\/cavalcadadereis.cat\/svh\/","name":"Cavalcada de Reis SVH","description":"","potentialAction":[{"@type":"SearchAction","target":{"@type":"EntryPoint","urlTemplate":"https:\/\/cavalcadadereis.cat\/svh\/?s={search_term_string}"},"query-input":{"@type":"PropertyValueSpecification","valueRequired":true,"valueName":"search_term_string"}}],"inLanguage":"ca"}]}},"_links":{"self":[{"href":"https:\/\/cavalcadadereis.cat\/svh\/wp-json\/wp\/v2\/pages\/2394","targetHints":{"allow":["GET"]}}],"collection":[{"href":"https:\/\/cavalcadadereis.cat\/svh\/wp-json\/wp\/v2\/pages"}],"about":[{"href":"https:\/\/cavalcadadereis.cat\/svh\/wp-json\/wp\/v2\/types\/page"}],"author":[{"embeddable":true,"href":"https:\/\/cavalcadadereis.cat\/svh\/wp-json\/wp\/v2\/users\/1"}],"replies":[{"embeddable":true,"href":"https:\/\/cavalcadadereis.cat\/svh\/wp-json\/wp\/v2\/comments?post=2394"}],"version-history":[{"count":15,"href":"https:\/\/cavalcadadereis.cat\/svh\/wp-json\/wp\/v2\/pages\/2394\/revisions"}],"predecessor-version":[{"id":3104,"href":"https:\/\/cavalcadadereis.cat\/svh\/wp-json\/wp\/v2\/pages\/2394\/revisions\/3104"}],"up":[{"embeddable":true,"href":"https:\/\/cavalcadadereis.cat\/svh\/wp-json\/wp\/v2\/pages\/2292"}],"wp:attachment":[{"href":"https:\/\/cavalcadadereis.cat\/svh\/wp-json\/wp\/v2\/media?parent=2394"}],"wp:term":[{"taxonomy":"folder","embeddable":true,"href":"https:\/\/cavalcadadereis.cat\/svh\/wp-json\/wp\/v2\/folder?post=2394"}],"curies":[{"name":"wp","href":"https:\/\/api.w.org\/{rel}","templated":true}]}}