{"id":2296,"date":"2022-01-29T00:59:02","date_gmt":"2022-01-28T23:59:02","guid":{"rendered":"http:\/\/cavalcadadereis.cat\/svh\/?page_id=2296"},"modified":"2024-01-03T21:09:34","modified_gmt":"2024-01-03T20:09:34","slug":"itinerari","status":"publish","type":"page","link":"https:\/\/cavalcadadereis.cat\/svh\/la-cavalcada\/itinerari\/","title":{"rendered":"Itinerari"},"content":{"rendered":"<p>[et_pb_section fb_built=&#8221;1&#8243; _builder_version=&#8221;4.16&#8243; background_color=&#8221;#E3933F&#8221; custom_padding=&#8221;0px||0px|||&#8221; transparent_background=&#8221;on&#8221; global_colors_info=&#8221;{}&#8221;][et_pb_row _builder_version=&#8221;4.16&#8243; background_color=&#8221;#FBC159&#8243; background_size=&#8221;initial&#8221; background_position=&#8221;top_left&#8221; background_repeat=&#8221;repeat&#8221; width=&#8221;94.3%&#8221; border_color_all=&#8221;#E6E6E6&#8243; border_width_right=&#8221;12px&#8221; border_width_bottom=&#8221;12px&#8221; border_width_left=&#8221;12px&#8221; global_colors_info=&#8221;{}&#8221;][et_pb_column type=&#8221;4_4&#8243; _builder_version=&#8221;4.16&#8243; custom_padding=&#8221;|||&#8221; global_colors_info=&#8221;{}&#8221; custom_padding__hover=&#8221;|||&#8221;][et_pb_post_title meta=&#8221;off&#8221; featured_image=&#8221;off&#8221; _builder_version=&#8221;4.23.3&#8243; title_font=&#8221;Merienda|700|||||||&#8221; title_text_color=&#8221;#FFFFFF&#8221; title_font_size=&#8221;28px&#8221; title_letter_spacing=&#8221;1px&#8221; background_color=&#8221;#2B2568&#8243; parallax=&#8221;on&#8221; parallax_method=&#8221;off&#8221; width=&#8221;15%&#8221; module_alignment=&#8221;left&#8221; custom_padding=&#8221;9px||4px|20px|false|false&#8221; hover_enabled=&#8221;0&#8243; border_color_bottom=&#8221;#FBC159&#8243; parallax_effect=&#8221;on&#8221; use_border_color=&#8221;off&#8221; border_color=&#8221;#ffffff&#8221; border_style=&#8221;solid&#8221; global_colors_info=&#8221;{}&#8221; width_last_edited=&#8221;on|phone&#8221; sticky_enabled=&#8221;0&#8243; width_phone=&#8221;100%&#8221; width_tablet=&#8221;15%&#8221;][\/et_pb_post_title][et_pb_text _builder_version=&#8221;4.23.3&#8243; _module_preset=&#8221;default&#8221; text_text_color=&#8221;#242424&#8243; text_orientation=&#8221;justified&#8221; width=&#8221;94%&#8221; module_alignment=&#8221;center&#8221; hover_enabled=&#8221;0&#8243; global_colors_info=&#8221;{}&#8221; width__hover_enabled=&#8221;on|desktop&#8221; width_last_edited=&#8221;on|phone&#8221; sticky_enabled=&#8221;0&#8243; width_phone=&#8221;90%&#8221; width__hover=&#8221;94%&#8221; width_tablet=&#8221;94%&#8221;]<\/p>\n<p style=\"text-align: justify;\">Els Reigs d&#8217;Orient, Patges i Seguici desfilen caminant des del Centre Cat\u00f2lic fins a l\u2019Ajuntament il\u00b7luminant el seu pas amb torxes. \u00a0Passen pel Carrer Torres i Bages, Carrer Montju\u00efc i Carrer Moss\u00e8n Jacint Verdaguer fins a l\u2019Ajuntament.<\/p>\n<p style=\"text-align: justify;\">La Comitiva Reial inicia el recorregut a la pla\u00e7a de la Vila. Tot seguit, la cavalcada passa pel carrer Rafael Casanova, carrer d\u2019Anselm Clav\u00e9, carrer de Sant Josep, carrer del Riu, carrer Barcelona, carrer Llobregat, carrer Moss\u00e8n Jacint Verdaguer, carrer Sant Miquel, carrer Anselm Clav\u00e9 i carrer Sant Josep. Finalment, acaba a l\u2019avinguda de Torrelles on Ses Majestats i els seus Patges marxen per continuar amb l\u2019entrega de regals.<\/p>\n<p>Des de la cru\u00eflla de Sant Joan Bosco fins a la cru\u00eflla d&#8217;Anselm Clav\u00e9, a la cavalcada no hi sol haver m\u00fasica per tal que les persones amb hipersensibilitat puguin gaudir-ne.<\/p>\n<p>[\/et_pb_text][dsm_image_hotspots src=&#8221;https:\/\/cavalcadadereis.cat\/svh\/wp-content\/uploads\/2019\/12\/Mapa-SVH-01-copy.png&#8221; admin_label=&#8221;Supreme Image Hotspots&#8221; _builder_version=&#8221;4.16&#8243; hover_enabled=&#8221;0&#8243; global_colors_info=&#8221;{}&#8221; sticky_enabled=&#8221;0&#8243;][dsm_image_hotspots_child font_icon=&#8221;&#xe01d;||divi||400&#8243; left_position=&#8221;65%&#8221; top_position=&#8221;44%&#8221; pulse_animation=&#8221;on&#8221; _builder_version=&#8221;4.16&#8243; body_text_align=&#8221;center&#8221; global_colors_info=&#8221;{}&#8221;]<\/p>\n<p>Ajuntament<\/p>\n<p>[\/dsm_image_hotspots_child][dsm_image_hotspots_child font_icon=&#8221;&#xe01d;||divi||400&#8243; left_position=&#8221;66%&#8221; top_position=&#8221;47%&#8221; tooltip_placement=&#8221;left&#8221; pulse_animation=&#8221;on&#8221; _builder_version=&#8221;4.16&#8243; body_text_align=&#8221;center&#8221; global_colors_info=&#8221;{}&#8221;]<\/p>\n<p>c\/. Rafael de Casanova<\/p>\n<p>[\/dsm_image_hotspots_child][dsm_image_hotspots_child font_icon=&#8221;&#xe01d;||divi||400&#8243; left_position=&#8221;66%&#8221; top_position=&#8221;52%&#8221; tooltip_placement=&#8221;bottom&#8221; pulse_animation=&#8221;on&#8221; _builder_version=&#8221;4.16&#8243; body_text_align=&#8221;center&#8221; body_line_height=&#8221;0.8em&#8221; global_colors_info=&#8221;{}&#8221;]<\/p>\n<p>c\/. Anselm Clav\u00e9 \/<\/p>\n<p>c\/. Sant Josep<\/p>\n<p>[\/dsm_image_hotspots_child][dsm_image_hotspots_child font_icon=&#8221;&#xe01d;||divi||400&#8243; left_position=&#8221;69%&#8221; top_position=&#8221;46%&#8221; tooltip_placement=&#8221;right&#8221; pulse_animation=&#8221;on&#8221; _builder_version=&#8221;4.16&#8243; body_text_align=&#8221;center&#8221; global_colors_info=&#8221;{}&#8221;]<\/p>\n<p>c\/. del Riu<\/p>\n<p>[\/dsm_image_hotspots_child][dsm_image_hotspots_child font_icon=&#8221;&#xe01d;||divi||400&#8243; left_position=&#8221;64%&#8221; top_position=&#8221;38%&#8221; tooltip_placement=&#8221;right&#8221; pulse_animation=&#8221;on&#8221; _builder_version=&#8221;4.16&#8243; body_text_align=&#8221;center&#8221; global_colors_info=&#8221;{}&#8221;]<\/p>\n<p>c\/. Barcelona<\/p>\n<p>[\/dsm_image_hotspots_child][dsm_image_hotspots_child font_icon=&#8221;&#xe01d;||divi||400&#8243; left_position=&#8221;58%&#8221; top_position=&#8221;28%&#8221; pulse_animation=&#8221;on&#8221; _builder_version=&#8221;4.16&#8243; body_text_align=&#8221;center&#8221; global_colors_info=&#8221;{}&#8221;]<\/p>\n<p>c\/. Llobregat<\/p>\n<p>[\/dsm_image_hotspots_child][dsm_image_hotspots_child font_icon=&#8221;&#xe01d;||divi||400&#8243; left_position=&#8221;60%&#8221; top_position=&#8221;35%&#8221; tooltip_placement=&#8221;left&#8221; pulse_animation=&#8221;on&#8221; _builder_version=&#8221;4.16&#8243; body_text_align=&#8221;center&#8221; global_colors_info=&#8221;{}&#8221;]<\/p>\n<p>c\/. Moss\u00e8n Jacint Verdaguer<\/p>\n<p>[\/dsm_image_hotspots_child][dsm_image_hotspots_child font_icon=&#8221;&#xe01d;||divi||400&#8243; left_position=&#8221;62%&#8221; top_position=&#8221;53%&#8221; tooltip_placement=&#8221;left&#8221; pulse_animation=&#8221;on&#8221; _builder_version=&#8221;4.16&#8243; body_text_align=&#8221;center&#8221; global_colors_info=&#8221;{}&#8221;]<\/p>\n<p>c\/. Sant Josep<\/p>\n<p>[\/dsm_image_hotspots_child][dsm_image_hotspots_child font_icon=&#8221;&#xe01d;||divi||400&#8243; left_position=&#8221;60%&#8221; top_position=&#8221;57%&#8221; tooltip_placement=&#8221;bottom&#8221; pulse_animation=&#8221;on&#8221; _builder_version=&#8221;4.16&#8243; body_text_align=&#8221;center&#8221; body_line_height=&#8221;0.8em&#8221; global_colors_info=&#8221;{}&#8221;]<\/p>\n<p>Avda. de Torrelles<\/p>\n<p>[\/dsm_image_hotspots_child][\/dsm_image_hotspots][\/et_pb_column][\/et_pb_row][\/et_pb_section]<\/p>\n","protected":false},"excerpt":{"rendered":"<p>Els Reigs d&#8217;Orient, Patges i Seguici desfilen caminant des del Centre Cat\u00f2lic fins a l\u2019Ajuntament il\u00b7luminant el seu pas amb torxes. \u00a0Passen pel Carrer Torres i Bages, Carrer Montju\u00efc i Carrer Moss\u00e8n Jacint Verdaguer fins a l\u2019Ajuntament. La Comitiva Reial inicia el recorregut a la pla\u00e7a de la Vila. Tot seguit, la cavalcada passa pel [&hellip;]<\/p>\n","protected":false},"author":1,"featured_media":0,"parent":2292,"menu_order":5,"comment_status":"closed","ping_status":"closed","template":"","meta":{"_et_pb_use_builder":"on","_et_pb_old_content":"","_et_gb_content_width":"","footnotes":""},"folder":[26],"class_list":["post-2296","page","type-page","status-publish","hentry"],"yoast_head":"<!-- This site is optimized with the Yoast SEO plugin v26.6 - https:\/\/yoast.com\/wordpress\/plugins\/seo\/ -->\n<title>Itinerari - Cavalcada de Reis SVH<\/title>\n<meta name=\"robots\" content=\"index, follow, max-snippet:-1, max-image-preview:large, max-video-preview:-1\" \/>\n<link rel=\"canonical\" href=\"https:\/\/cavalcadadereis.cat\/svh\/la-cavalcada\/itinerari\/\" \/>\n<meta property=\"og:locale\" content=\"ca_ES\" \/>\n<meta property=\"og:type\" content=\"article\" \/>\n<meta property=\"og:title\" content=\"Itinerari - Cavalcada de Reis SVH\" \/>\n<meta property=\"og:description\" content=\"Els Reigs d&#039;Orient, Patges i Seguici desfilen caminant des del Centre Cat\u00f2lic fins a l\u2019Ajuntament il\u00b7luminant el seu pas amb torxes. \u00a0Passen pel Carrer Torres i Bages, Carrer Montju\u00efc i Carrer Moss\u00e8n Jacint Verdaguer fins a l\u2019Ajuntament. La Comitiva Reial inicia el recorregut a la pla\u00e7a de la Vila. Tot seguit, la cavalcada passa pel [&hellip;]\" \/>\n<meta property=\"og:url\" content=\"https:\/\/cavalcadadereis.cat\/svh\/la-cavalcada\/itinerari\/\" \/>\n<meta property=\"og:site_name\" content=\"Cavalcada de Reis SVH\" \/>\n<meta property=\"article:modified_time\" content=\"2024-01-03T20:09:34+00:00\" \/>\n<meta name=\"twitter:card\" content=\"summary_large_image\" \/>\n<meta name=\"twitter:label1\" content=\"Temps estimat de lectura\" \/>\n\t<meta name=\"twitter:data1\" content=\"4 minuts\" \/>\n<script type=\"application\/ld+json\" class=\"yoast-schema-graph\">{\"@context\":\"https:\/\/schema.org\",\"@graph\":[{\"@type\":\"WebPage\",\"@id\":\"https:\/\/cavalcadadereis.cat\/svh\/la-cavalcada\/itinerari\/\",\"url\":\"https:\/\/cavalcadadereis.cat\/svh\/la-cavalcada\/itinerari\/\",\"name\":\"Itinerari - Cavalcada de Reis SVH\",\"isPartOf\":{\"@id\":\"https:\/\/cavalcadadereis.cat\/svh\/#website\"},\"datePublished\":\"2022-01-28T23:59:02+00:00\",\"dateModified\":\"2024-01-03T20:09:34+00:00\",\"breadcrumb\":{\"@id\":\"https:\/\/cavalcadadereis.cat\/svh\/la-cavalcada\/itinerari\/#breadcrumb\"},\"inLanguage\":\"ca\",\"potentialAction\":[{\"@type\":\"ReadAction\",\"target\":[\"https:\/\/cavalcadadereis.cat\/svh\/la-cavalcada\/itinerari\/\"]}]},{\"@type\":\"BreadcrumbList\",\"@id\":\"https:\/\/cavalcadadereis.cat\/svh\/la-cavalcada\/itinerari\/#breadcrumb\",\"itemListElement\":[{\"@type\":\"ListItem\",\"position\":1,\"name\":\"Inici\",\"item\":\"https:\/\/cavalcadadereis.cat\/svh\/\"},{\"@type\":\"ListItem\",\"position\":2,\"name\":\"La Cavalcada\",\"item\":\"https:\/\/cavalcadadereis.cat\/svh\/la-cavalcada\/\"},{\"@type\":\"ListItem\",\"position\":3,\"name\":\"Itinerari\"}]},{\"@type\":\"WebSite\",\"@id\":\"https:\/\/cavalcadadereis.cat\/svh\/#website\",\"url\":\"https:\/\/cavalcadadereis.cat\/svh\/\",\"name\":\"Cavalcada de Reis SVH\",\"description\":\"\",\"potentialAction\":[{\"@type\":\"SearchAction\",\"target\":{\"@type\":\"EntryPoint\",\"urlTemplate\":\"https:\/\/cavalcadadereis.cat\/svh\/?s={search_term_string}\"},\"query-input\":{\"@type\":\"PropertyValueSpecification\",\"valueRequired\":true,\"valueName\":\"search_term_string\"}}],\"inLanguage\":\"ca\"}]}<\/script>\n<!-- \/ Yoast SEO plugin. -->","yoast_head_json":{"title":"Itinerari - Cavalcada de Reis SVH","robots":{"index":"index","follow":"follow","max-snippet":"max-snippet:-1","max-image-preview":"max-image-preview:large","max-video-preview":"max-video-preview:-1"},"canonical":"https:\/\/cavalcadadereis.cat\/svh\/la-cavalcada\/itinerari\/","og_locale":"ca_ES","og_type":"article","og_title":"Itinerari - Cavalcada de Reis SVH","og_description":"Els Reigs d'Orient, Patges i Seguici desfilen caminant des del Centre Cat\u00f2lic fins a l\u2019Ajuntament il\u00b7luminant el seu pas amb torxes. \u00a0Passen pel Carrer Torres i Bages, Carrer Montju\u00efc i Carrer Moss\u00e8n Jacint Verdaguer fins a l\u2019Ajuntament. La Comitiva Reial inicia el recorregut a la pla\u00e7a de la Vila. Tot seguit, la cavalcada passa pel [&hellip;]","og_url":"https:\/\/cavalcadadereis.cat\/svh\/la-cavalcada\/itinerari\/","og_site_name":"Cavalcada de Reis SVH","article_modified_time":"2024-01-03T20:09:34+00:00","twitter_card":"summary_large_image","twitter_misc":{"Temps estimat de lectura":"4 minuts"},"schema":{"@context":"https:\/\/schema.org","@graph":[{"@type":"WebPage","@id":"https:\/\/cavalcadadereis.cat\/svh\/la-cavalcada\/itinerari\/","url":"https:\/\/cavalcadadereis.cat\/svh\/la-cavalcada\/itinerari\/","name":"Itinerari - Cavalcada de Reis SVH","isPartOf":{"@id":"https:\/\/cavalcadadereis.cat\/svh\/#website"},"datePublished":"2022-01-28T23:59:02+00:00","dateModified":"2024-01-03T20:09:34+00:00","breadcrumb":{"@id":"https:\/\/cavalcadadereis.cat\/svh\/la-cavalcada\/itinerari\/#breadcrumb"},"inLanguage":"ca","potentialAction":[{"@type":"ReadAction","target":["https:\/\/cavalcadadereis.cat\/svh\/la-cavalcada\/itinerari\/"]}]},{"@type":"BreadcrumbList","@id":"https:\/\/cavalcadadereis.cat\/svh\/la-cavalcada\/itinerari\/#breadcrumb","itemListElement":[{"@type":"ListItem","position":1,"name":"Inici","item":"https:\/\/cavalcadadereis.cat\/svh\/"},{"@type":"ListItem","position":2,"name":"La Cavalcada","item":"https:\/\/cavalcadadereis.cat\/svh\/la-cavalcada\/"},{"@type":"ListItem","position":3,"name":"Itinerari"}]},{"@type":"WebSite","@id":"https:\/\/cavalcadadereis.cat\/svh\/#website","url":"https:\/\/cavalcadadereis.cat\/svh\/","name":"Cavalcada de Reis SVH","description":"","potentialAction":[{"@type":"SearchAction","target":{"@type":"EntryPoint","urlTemplate":"https:\/\/cavalcadadereis.cat\/svh\/?s={search_term_string}"},"query-input":{"@type":"PropertyValueSpecification","valueRequired":true,"valueName":"search_term_string"}}],"inLanguage":"ca"}]}},"_links":{"self":[{"href":"https:\/\/cavalcadadereis.cat\/svh\/wp-json\/wp\/v2\/pages\/2296","targetHints":{"allow":["GET"]}}],"collection":[{"href":"https:\/\/cavalcadadereis.cat\/svh\/wp-json\/wp\/v2\/pages"}],"about":[{"href":"https:\/\/cavalcadadereis.cat\/svh\/wp-json\/wp\/v2\/types\/page"}],"author":[{"embeddable":true,"href":"https:\/\/cavalcadadereis.cat\/svh\/wp-json\/wp\/v2\/users\/1"}],"replies":[{"embeddable":true,"href":"https:\/\/cavalcadadereis.cat\/svh\/wp-json\/wp\/v2\/comments?post=2296"}],"version-history":[{"count":7,"href":"https:\/\/cavalcadadereis.cat\/svh\/wp-json\/wp\/v2\/pages\/2296\/revisions"}],"predecessor-version":[{"id":3108,"href":"https:\/\/cavalcadadereis.cat\/svh\/wp-json\/wp\/v2\/pages\/2296\/revisions\/3108"}],"up":[{"embeddable":true,"href":"https:\/\/cavalcadadereis.cat\/svh\/wp-json\/wp\/v2\/pages\/2292"}],"wp:attachment":[{"href":"https:\/\/cavalcadadereis.cat\/svh\/wp-json\/wp\/v2\/media?parent=2296"}],"wp:term":[{"taxonomy":"folder","embeddable":true,"href":"https:\/\/cavalcadadereis.cat\/svh\/wp-json\/wp\/v2\/folder?post=2296"}],"curies":[{"name":"wp","href":"https:\/\/api.w.org\/{rel}","templated":true}]}}