{"id":178,"date":"2017-08-21T14:22:44","date_gmt":"2017-08-21T13:22:44","guid":{"rendered":"http:\/\/cavalcadadereis.cat\/svh\/?page_id=178"},"modified":"2022-01-29T15:58:55","modified_gmt":"2022-01-29T14:58:55","slug":"els-reis-mags-1","status":"publish","type":"page","link":"https:\/\/cavalcadadereis.cat\/svh\/la-cavalcada-1\/els-reis-mags-1\/","title":{"rendered":"Els Reis Mags"},"content":{"rendered":"<p>[et_pb_section fb_built=&#8221;1&#8243; fullwidth=&#8221;on&#8221; _builder_version=&#8221;3.22&#8243;][et_pb_fullwidth_slider show_arrows=&#8221;off&#8221; _builder_version=&#8221;4.0.9&#8243; content_width=&#8221;79%&#8221; custom_padding=&#8221;|||&#8221; custom_padding_tablet=&#8221;|||&#8221; custom_padding_phone=&#8221;|||&#8221; auto=&#8221;on&#8221; auto_speed=&#8221;5000&#8243; box_shadow_style=&#8221;preset6&#8243; box_shadow_blur=&#8221;10px&#8221; box_shadow_color=&#8221;rgba(0,0,0,0.1)&#8221; remove_inner_shadow=&#8221;off&#8221; hide_content_on_mobile=&#8221;off&#8221; hide_cta_on_mobile=&#8221;off&#8221; show_inner_shadow=&#8221;on&#8221; button_letter_spacing_hover=&#8221;0&#8243; button_text_size__hover_enabled=&#8221;off&#8221; button_one_text_size__hover_enabled=&#8221;off&#8221; button_two_text_size__hover_enabled=&#8221;off&#8221; button_text_color__hover_enabled=&#8221;off&#8221; button_one_text_color__hover_enabled=&#8221;off&#8221; button_two_text_color__hover_enabled=&#8221;off&#8221; button_border_width__hover_enabled=&#8221;off&#8221; button_one_border_width__hover_enabled=&#8221;off&#8221; button_two_border_width__hover_enabled=&#8221;off&#8221; button_border_color__hover_enabled=&#8221;off&#8221; button_one_border_color__hover_enabled=&#8221;off&#8221; button_two_border_color__hover_enabled=&#8221;off&#8221; button_border_radius__hover_enabled=&#8221;off&#8221; button_one_border_radius__hover_enabled=&#8221;off&#8221; button_two_border_radius__hover_enabled=&#8221;off&#8221; button_letter_spacing__hover_enabled=&#8221;on&#8221; button_letter_spacing__hover=&#8221;0&#8243; button_one_letter_spacing__hover_enabled=&#8221;off&#8221; button_two_letter_spacing__hover_enabled=&#8221;off&#8221; button_bg_color__hover_enabled=&#8221;off&#8221; button_one_bg_color__hover_enabled=&#8221;off&#8221; button_two_bg_color__hover_enabled=&#8221;off&#8221;][et_pb_slide use_bg_overlay=&#8221;off&#8221; use_text_overlay=&#8221;off&#8221; admin_title=&#8221;Slide_01&#8243; _builder_version=&#8221;3.16&#8243; header_font=&#8221;||||&#8221; body_font=&#8221;||||&#8221; background_color=&#8221;#ffffff&#8221; background_image=&#8221;https:\/\/cavalcadadereis.cat\/svh\/wp-content\/uploads\/2017\/08\/slide_p1.png&#8221; button_icon_placement=&#8221;right&#8221; button_on_hover=&#8221;on&#8221; button_text_size__hover_enabled=&#8221;off&#8221; button_one_text_size__hover_enabled=&#8221;off&#8221; button_two_text_size__hover_enabled=&#8221;off&#8221; button_text_color__hover_enabled=&#8221;off&#8221; button_one_text_color__hover_enabled=&#8221;off&#8221; button_two_text_color__hover_enabled=&#8221;off&#8221; button_border_width__hover_enabled=&#8221;off&#8221; button_one_border_width__hover_enabled=&#8221;off&#8221; button_two_border_width__hover_enabled=&#8221;off&#8221; button_border_color__hover_enabled=&#8221;off&#8221; button_one_border_color__hover_enabled=&#8221;off&#8221; button_two_border_color__hover_enabled=&#8221;off&#8221; button_border_radius__hover_enabled=&#8221;off&#8221; button_one_border_radius__hover_enabled=&#8221;off&#8221; button_two_border_radius__hover_enabled=&#8221;off&#8221; button_letter_spacing__hover_enabled=&#8221;off&#8221; button_one_letter_spacing__hover_enabled=&#8221;off&#8221; button_two_letter_spacing__hover_enabled=&#8221;off&#8221; button_bg_color__hover_enabled=&#8221;off&#8221; button_one_bg_color__hover_enabled=&#8221;off&#8221; button_two_bg_color__hover_enabled=&#8221;off&#8221;] [\/et_pb_slide][et_pb_slide use_bg_overlay=&#8221;off&#8221; use_text_overlay=&#8221;off&#8221; admin_title=&#8221;Slide_02&#8243; _builder_version=&#8221;3.16&#8243; header_font=&#8221;||||&#8221; body_font=&#8221;||||&#8221; background_color=&#8221;#ffffff&#8221; background_image=&#8221;https:\/\/cavalcadadereis.cat\/svh\/wp-content\/uploads\/2017\/08\/slide_p2.png&#8221; button_icon_placement=&#8221;right&#8221; button_on_hover=&#8221;on&#8221; button_text_size__hover_enabled=&#8221;off&#8221; button_one_text_size__hover_enabled=&#8221;off&#8221; button_two_text_size__hover_enabled=&#8221;off&#8221; button_text_color__hover_enabled=&#8221;off&#8221; button_one_text_color__hover_enabled=&#8221;off&#8221; button_two_text_color__hover_enabled=&#8221;off&#8221; button_border_width__hover_enabled=&#8221;off&#8221; button_one_border_width__hover_enabled=&#8221;off&#8221; button_two_border_width__hover_enabled=&#8221;off&#8221; button_border_color__hover_enabled=&#8221;off&#8221; button_one_border_color__hover_enabled=&#8221;off&#8221; button_two_border_color__hover_enabled=&#8221;off&#8221; button_border_radius__hover_enabled=&#8221;off&#8221; button_one_border_radius__hover_enabled=&#8221;off&#8221; button_two_border_radius__hover_enabled=&#8221;off&#8221; button_letter_spacing__hover_enabled=&#8221;off&#8221; button_one_letter_spacing__hover_enabled=&#8221;off&#8221; button_two_letter_spacing__hover_enabled=&#8221;off&#8221; button_bg_color__hover_enabled=&#8221;off&#8221; button_one_bg_color__hover_enabled=&#8221;off&#8221; button_two_bg_color__hover_enabled=&#8221;off&#8221;] [\/et_pb_slide][et_pb_slide use_bg_overlay=&#8221;off&#8221; use_text_overlay=&#8221;off&#8221; admin_title=&#8221;Slide_03&#8243; _builder_version=&#8221;3.16&#8243; header_font=&#8221;||||&#8221; body_font=&#8221;||||&#8221; background_color=&#8221;#ffffff&#8221; background_image=&#8221;https:\/\/cavalcadadereis.cat\/svh\/wp-content\/uploads\/2017\/08\/slide_p3.png&#8221; button_icon_placement=&#8221;right&#8221; button_on_hover=&#8221;on&#8221; button_text_size__hover_enabled=&#8221;off&#8221; button_one_text_size__hover_enabled=&#8221;off&#8221; button_two_text_size__hover_enabled=&#8221;off&#8221; button_text_color__hover_enabled=&#8221;off&#8221; button_one_text_color__hover_enabled=&#8221;off&#8221; button_two_text_color__hover_enabled=&#8221;off&#8221; button_border_width__hover_enabled=&#8221;off&#8221; button_one_border_width__hover_enabled=&#8221;off&#8221; button_two_border_width__hover_enabled=&#8221;off&#8221; button_border_color__hover_enabled=&#8221;off&#8221; button_one_border_color__hover_enabled=&#8221;off&#8221; button_two_border_color__hover_enabled=&#8221;off&#8221; button_border_radius__hover_enabled=&#8221;off&#8221; button_one_border_radius__hover_enabled=&#8221;off&#8221; button_two_border_radius__hover_enabled=&#8221;off&#8221; button_letter_spacing__hover_enabled=&#8221;off&#8221; button_one_letter_spacing__hover_enabled=&#8221;off&#8221; button_two_letter_spacing__hover_enabled=&#8221;off&#8221; button_bg_color__hover_enabled=&#8221;off&#8221; button_one_bg_color__hover_enabled=&#8221;off&#8221; button_two_bg_color__hover_enabled=&#8221;off&#8221;] [\/et_pb_slide][et_pb_slide use_bg_overlay=&#8221;off&#8221; use_text_overlay=&#8221;off&#8221; admin_title=&#8221;Slide_04&#8243; _builder_version=&#8221;3.16&#8243; header_font=&#8221;||||&#8221; body_font=&#8221;||||&#8221; background_color=&#8221;#ffffff&#8221; background_image=&#8221;https:\/\/cavalcadadereis.cat\/svh\/wp-content\/uploads\/2017\/08\/slide_p4.png&#8221; button_icon_placement=&#8221;right&#8221; button_on_hover=&#8221;on&#8221; button_text_size__hover_enabled=&#8221;off&#8221; button_one_text_size__hover_enabled=&#8221;off&#8221; button_two_text_size__hover_enabled=&#8221;off&#8221; button_text_color__hover_enabled=&#8221;off&#8221; button_one_text_color__hover_enabled=&#8221;off&#8221; button_two_text_color__hover_enabled=&#8221;off&#8221; button_border_width__hover_enabled=&#8221;off&#8221; button_one_border_width__hover_enabled=&#8221;off&#8221; button_two_border_width__hover_enabled=&#8221;off&#8221; button_border_color__hover_enabled=&#8221;off&#8221; button_one_border_color__hover_enabled=&#8221;off&#8221; button_two_border_color__hover_enabled=&#8221;off&#8221; button_border_radius__hover_enabled=&#8221;off&#8221; button_one_border_radius__hover_enabled=&#8221;off&#8221; button_two_border_radius__hover_enabled=&#8221;off&#8221; button_letter_spacing__hover_enabled=&#8221;off&#8221; button_one_letter_spacing__hover_enabled=&#8221;off&#8221; button_two_letter_spacing__hover_enabled=&#8221;off&#8221; button_bg_color__hover_enabled=&#8221;off&#8221; button_one_bg_color__hover_enabled=&#8221;off&#8221; button_two_bg_color__hover_enabled=&#8221;off&#8221;] [\/et_pb_slide][\/et_pb_fullwidth_slider][\/et_pb_section][et_pb_section fb_built=&#8221;1&#8243; admin_label=&#8221;section&#8221; _builder_version=&#8221;3.22&#8243; background_color=&#8221;rgba(255,255,255,0)&#8221; background_image=&#8221;https:\/\/cavalcadadereis.cat\/svh\/wp-content\/uploads\/2017\/08\/Fons-02.jpg&#8221; background_size=&#8221;contain&#8221; background_position=&#8221;top_center&#8221; background_repeat=&#8221;repeat-y&#8221; transparent_background=&#8221;on&#8221;][et_pb_row admin_label=&#8221;row&#8221; _builder_version=&#8221;3.25&#8243; background_size=&#8221;initial&#8221; background_position=&#8221;top_left&#8221; background_repeat=&#8221;repeat&#8221;][et_pb_column type=&#8221;4_4&#8243; _builder_version=&#8221;3.25&#8243; custom_padding=&#8221;|||&#8221; custom_padding__hover=&#8221;|||&#8221;][et_pb_post_title meta=&#8221;off&#8221; featured_image=&#8221;off&#8221; _builder_version=&#8221;3.0.87&#8243; title_text_color=&#8221;#970000&#8243; title_letter_spacing=&#8221;1px&#8221; parallax=&#8221;on&#8221; parallax_effect=&#8221;on&#8221; use_border_color=&#8221;off&#8221; border_color=&#8221;#ffffff&#8221; border_style=&#8221;solid&#8221;][\/et_pb_post_title][\/et_pb_column][\/et_pb_row][et_pb_row column_structure=&#8221;1_5,3_5,1_5&#8243; use_custom_gutter=&#8221;on&#8221; gutter_width=&#8221;1&#8243; make_equal=&#8221;on&#8221; _builder_version=&#8221;4.0.9&#8243; width=&#8221;100%&#8221; custom_padding=&#8221;0px||0px||false|false&#8221;][et_pb_column type=&#8221;1_5&#8243; _builder_version=&#8221;4.0.9&#8243;][\/et_pb_column][et_pb_column type=&#8221;3_5&#8243; _builder_version=&#8221;4.0.9&#8243;][et_pb_gallery gallery_ids=&#8221;382,383,384,385,386,387,388,389,390,391,392,393,394,395&#8243; fullwidth=&#8221;on&#8221; admin_label=&#8221;Galeria&#8221; _builder_version=&#8221;4.0.9&#8243; auto=&#8221;on&#8221; auto_speed=&#8221;3000&#8243; border_style=&#8221;solid&#8221; saved_tabs=&#8221;all&#8221;][\/et_pb_gallery][\/et_pb_column][et_pb_column type=&#8221;1_5&#8243; _builder_version=&#8221;4.0.9&#8243;][\/et_pb_column][\/et_pb_row][et_pb_row admin_label=&#8221;row&#8221; _builder_version=&#8221;3.25&#8243; background_size=&#8221;initial&#8221; background_position=&#8221;top_left&#8221; background_repeat=&#8221;repeat&#8221;][et_pb_column type=&#8221;4_4&#8243; _builder_version=&#8221;3.25&#8243; custom_padding=&#8221;|||&#8221; custom_padding__hover=&#8221;|||&#8221;][et_pb_text _builder_version=&#8221;4.0.9&#8243; header_font=&#8221;Happy Monkey|on|||&#8221; header_text_color=&#8221;#970000&#8243; background_size=&#8221;initial&#8221; background_position=&#8221;top_left&#8221; background_repeat=&#8221;repeat&#8221; hover_enabled=&#8221;0&#8243; border_style=&#8221;solid&#8221; text_orientation=&#8221;justified&#8221;]<\/p>\n<p>El tres Reis Mags\u00a0arriben a Sant Vicen\u00e7\u00a0cada 5 de gener per repartir milions de regals a les llars \u00a0de petits i grans. En el seu origen van portar or, encens i mirra al nen Jes\u00fas, guiats per un estel fins a Betlem. Tothom coneix a Ses Majestats com a Melcior, Gaspar i \u00a0Baltasar, o Rei Blanc, Rei Ros i Rei Negre.<\/p>\n<p>La nit de reis \u00e9s un dels dies m\u00e9s esperats de l\u2019any, \u00e9s un dia ple d\u2019encant i il\u00b7lusi\u00f3 per tothom. Els Reis Mags tenens poders i per aix\u00f2 tenen la capacitat de ser a molts \u00a0llocs a la vegada. Poden apar\u00e8ixer en carrossa o camell, recollir les cartes, donar caramels, participar en m\u00e9s d\u2019una cavalcada i repartir regals \u2013o carb\u00f3-<wbr \/>\u00a0per tot el planeta. De fet, els m\u00e9s atents els deixen menjar i beure per ajudar-<wbr \/>los a passar la que per ells \u00e9s, sens dubte, la nit m\u00e9s llarga de l\u2019any.<\/p>\n<p>Ses Majestats els Reis Mags s\u2019omplen de joia de poder robar el somriure als ciutadans amb els seus regals i per aix\u00f2 s\u2019encarreguen \u00a0de llegir, amb l\u2019ajuda dels seus Patges, les\u00a0<strong><a href=\"mailto:reismags.svh@cavalcadadereis.cat\">cartes<\/a><\/strong>\u00a0que tothom els fa arribar. Melcior, Gaspar i Baltasar sempre estan molt contents de visitar la vila de Sant Vicen\u00e7 i cada any arriben carregats de regals.<\/p>\n<p>Els Reis Mags nom\u00e9s desitgen una cosa: volen que el dia de Reis tothom sigui feli\u00e7 i es deixi portar per la seva m\u00e0gia. Aquest \u00e9s el seu aut\u00e8ntic regal.<\/p>\n<p>[\/et_pb_text][\/et_pb_column][\/et_pb_row][\/et_pb_section]<\/p>\n","protected":false},"excerpt":{"rendered":"<p>El tres Reis Mags\u00a0arriben a Sant Vicen\u00e7\u00a0cada 5 de gener per repartir milions de regals a les llars \u00a0de petits i grans. En el seu origen van portar or, encens i mirra al nen Jes\u00fas, guiats per un estel fins a Betlem. Tothom coneix a Ses Majestats com a Melcior, Gaspar i \u00a0Baltasar, o Rei [&hellip;]<\/p>\n","protected":false},"author":1,"featured_media":0,"parent":135,"menu_order":1,"comment_status":"closed","ping_status":"closed","template":"","meta":{"_et_pb_use_builder":"on","_et_pb_old_content":"","_et_gb_content_width":"","footnotes":""},"folder":[],"class_list":["post-178","page","type-page","status-publish","hentry"],"yoast_head":"<!-- This site is optimized with the Yoast SEO plugin v26.6 - https:\/\/yoast.com\/wordpress\/plugins\/seo\/ -->\n<title>Els Reis Mags - Cavalcada de Reis SVH<\/title>\n<meta name=\"robots\" content=\"index, follow, max-snippet:-1, max-image-preview:large, max-video-preview:-1\" \/>\n<link rel=\"canonical\" href=\"https:\/\/cavalcadadereis.cat\/svh\/la-cavalcada-1\/els-reis-mags-1\/\" \/>\n<meta property=\"og:locale\" content=\"ca_ES\" \/>\n<meta property=\"og:type\" content=\"article\" \/>\n<meta property=\"og:title\" content=\"Els Reis Mags - Cavalcada de Reis SVH\" \/>\n<meta property=\"og:description\" content=\"El tres Reis Mags\u00a0arriben a Sant Vicen\u00e7\u00a0cada 5 de gener per repartir milions de regals a les llars \u00a0de petits i grans. En el seu origen van portar or, encens i mirra al nen Jes\u00fas, guiats per un estel fins a Betlem. Tothom coneix a Ses Majestats com a Melcior, Gaspar i \u00a0Baltasar, o Rei [&hellip;]\" \/>\n<meta property=\"og:url\" content=\"https:\/\/cavalcadadereis.cat\/svh\/la-cavalcada-1\/els-reis-mags-1\/\" \/>\n<meta property=\"og:site_name\" content=\"Cavalcada de Reis SVH\" \/>\n<meta property=\"article:modified_time\" content=\"2022-01-29T14:58:55+00:00\" \/>\n<meta name=\"twitter:card\" content=\"summary_large_image\" \/>\n<meta name=\"twitter:label1\" content=\"Temps estimat de lectura\" \/>\n\t<meta name=\"twitter:data1\" content=\"7 minuts\" \/>\n<script type=\"application\/ld+json\" class=\"yoast-schema-graph\">{\"@context\":\"https:\/\/schema.org\",\"@graph\":[{\"@type\":\"WebPage\",\"@id\":\"https:\/\/cavalcadadereis.cat\/svh\/la-cavalcada-1\/els-reis-mags-1\/\",\"url\":\"https:\/\/cavalcadadereis.cat\/svh\/la-cavalcada-1\/els-reis-mags-1\/\",\"name\":\"Els Reis Mags - Cavalcada de Reis SVH\",\"isPartOf\":{\"@id\":\"https:\/\/cavalcadadereis.cat\/svh\/#website\"},\"datePublished\":\"2017-08-21T13:22:44+00:00\",\"dateModified\":\"2022-01-29T14:58:55+00:00\",\"breadcrumb\":{\"@id\":\"https:\/\/cavalcadadereis.cat\/svh\/la-cavalcada-1\/els-reis-mags-1\/#breadcrumb\"},\"inLanguage\":\"ca\",\"potentialAction\":[{\"@type\":\"ReadAction\",\"target\":[\"https:\/\/cavalcadadereis.cat\/svh\/la-cavalcada-1\/els-reis-mags-1\/\"]}]},{\"@type\":\"BreadcrumbList\",\"@id\":\"https:\/\/cavalcadadereis.cat\/svh\/la-cavalcada-1\/els-reis-mags-1\/#breadcrumb\",\"itemListElement\":[{\"@type\":\"ListItem\",\"position\":1,\"name\":\"Inici\",\"item\":\"https:\/\/cavalcadadereis.cat\/svh\/\"},{\"@type\":\"ListItem\",\"position\":2,\"name\":\"La Cavalcada\",\"item\":\"https:\/\/cavalcadadereis.cat\/svh\/la-cavalcada-1\/\"},{\"@type\":\"ListItem\",\"position\":3,\"name\":\"Els Reis Mags\"}]},{\"@type\":\"WebSite\",\"@id\":\"https:\/\/cavalcadadereis.cat\/svh\/#website\",\"url\":\"https:\/\/cavalcadadereis.cat\/svh\/\",\"name\":\"Cavalcada de Reis SVH\",\"description\":\"\",\"potentialAction\":[{\"@type\":\"SearchAction\",\"target\":{\"@type\":\"EntryPoint\",\"urlTemplate\":\"https:\/\/cavalcadadereis.cat\/svh\/?s={search_term_string}\"},\"query-input\":{\"@type\":\"PropertyValueSpecification\",\"valueRequired\":true,\"valueName\":\"search_term_string\"}}],\"inLanguage\":\"ca\"}]}<\/script>\n<!-- \/ Yoast SEO plugin. -->","yoast_head_json":{"title":"Els Reis Mags - Cavalcada de Reis SVH","robots":{"index":"index","follow":"follow","max-snippet":"max-snippet:-1","max-image-preview":"max-image-preview:large","max-video-preview":"max-video-preview:-1"},"canonical":"https:\/\/cavalcadadereis.cat\/svh\/la-cavalcada-1\/els-reis-mags-1\/","og_locale":"ca_ES","og_type":"article","og_title":"Els Reis Mags - Cavalcada de Reis SVH","og_description":"El tres Reis Mags\u00a0arriben a Sant Vicen\u00e7\u00a0cada 5 de gener per repartir milions de regals a les llars \u00a0de petits i grans. En el seu origen van portar or, encens i mirra al nen Jes\u00fas, guiats per un estel fins a Betlem. Tothom coneix a Ses Majestats com a Melcior, Gaspar i \u00a0Baltasar, o Rei [&hellip;]","og_url":"https:\/\/cavalcadadereis.cat\/svh\/la-cavalcada-1\/els-reis-mags-1\/","og_site_name":"Cavalcada de Reis SVH","article_modified_time":"2022-01-29T14:58:55+00:00","twitter_card":"summary_large_image","twitter_misc":{"Temps estimat de lectura":"7 minuts"},"schema":{"@context":"https:\/\/schema.org","@graph":[{"@type":"WebPage","@id":"https:\/\/cavalcadadereis.cat\/svh\/la-cavalcada-1\/els-reis-mags-1\/","url":"https:\/\/cavalcadadereis.cat\/svh\/la-cavalcada-1\/els-reis-mags-1\/","name":"Els Reis Mags - Cavalcada de Reis SVH","isPartOf":{"@id":"https:\/\/cavalcadadereis.cat\/svh\/#website"},"datePublished":"2017-08-21T13:22:44+00:00","dateModified":"2022-01-29T14:58:55+00:00","breadcrumb":{"@id":"https:\/\/cavalcadadereis.cat\/svh\/la-cavalcada-1\/els-reis-mags-1\/#breadcrumb"},"inLanguage":"ca","potentialAction":[{"@type":"ReadAction","target":["https:\/\/cavalcadadereis.cat\/svh\/la-cavalcada-1\/els-reis-mags-1\/"]}]},{"@type":"BreadcrumbList","@id":"https:\/\/cavalcadadereis.cat\/svh\/la-cavalcada-1\/els-reis-mags-1\/#breadcrumb","itemListElement":[{"@type":"ListItem","position":1,"name":"Inici","item":"https:\/\/cavalcadadereis.cat\/svh\/"},{"@type":"ListItem","position":2,"name":"La Cavalcada","item":"https:\/\/cavalcadadereis.cat\/svh\/la-cavalcada-1\/"},{"@type":"ListItem","position":3,"name":"Els Reis Mags"}]},{"@type":"WebSite","@id":"https:\/\/cavalcadadereis.cat\/svh\/#website","url":"https:\/\/cavalcadadereis.cat\/svh\/","name":"Cavalcada de Reis SVH","description":"","potentialAction":[{"@type":"SearchAction","target":{"@type":"EntryPoint","urlTemplate":"https:\/\/cavalcadadereis.cat\/svh\/?s={search_term_string}"},"query-input":{"@type":"PropertyValueSpecification","valueRequired":true,"valueName":"search_term_string"}}],"inLanguage":"ca"}]}},"_links":{"self":[{"href":"https:\/\/cavalcadadereis.cat\/svh\/wp-json\/wp\/v2\/pages\/178","targetHints":{"allow":["GET"]}}],"collection":[{"href":"https:\/\/cavalcadadereis.cat\/svh\/wp-json\/wp\/v2\/pages"}],"about":[{"href":"https:\/\/cavalcadadereis.cat\/svh\/wp-json\/wp\/v2\/types\/page"}],"author":[{"embeddable":true,"href":"https:\/\/cavalcadadereis.cat\/svh\/wp-json\/wp\/v2\/users\/1"}],"replies":[{"embeddable":true,"href":"https:\/\/cavalcadadereis.cat\/svh\/wp-json\/wp\/v2\/comments?post=178"}],"version-history":[{"count":8,"href":"https:\/\/cavalcadadereis.cat\/svh\/wp-json\/wp\/v2\/pages\/178\/revisions"}],"predecessor-version":[{"id":1369,"href":"https:\/\/cavalcadadereis.cat\/svh\/wp-json\/wp\/v2\/pages\/178\/revisions\/1369"}],"up":[{"embeddable":true,"href":"https:\/\/cavalcadadereis.cat\/svh\/wp-json\/wp\/v2\/pages\/135"}],"wp:attachment":[{"href":"https:\/\/cavalcadadereis.cat\/svh\/wp-json\/wp\/v2\/media?parent=178"}],"wp:term":[{"taxonomy":"folder","embeddable":true,"href":"https:\/\/cavalcadadereis.cat\/svh\/wp-json\/wp\/v2\/folder?post=178"}],"curies":[{"name":"wp","href":"https:\/\/api.w.org\/{rel}","templated":true}]}}