{"id":129,"date":"2017-08-21T14:07:44","date_gmt":"2017-08-21T13:07:44","guid":{"rendered":"http:\/\/cavalcadadereis.cat\/svh\/?page_id=129"},"modified":"2022-01-29T20:26:34","modified_gmt":"2022-01-29T19:26:34","slug":"inici-1","status":"publish","type":"page","link":"https:\/\/cavalcadadereis.cat\/svh\/inici-1\/","title":{"rendered":"Inici"},"content":{"rendered":"<p>[et_pb_section fb_built=&#8221;1&#8243; fullwidth=&#8221;on&#8221; _builder_version=&#8221;3.22&#8243;][et_pb_fullwidth_slider show_arrows=&#8221;off&#8221; _builder_version=&#8221;4.0.9&#8243; background_size=&#8221;initial&#8221; background_position=&#8221;top_left&#8221; background_repeat=&#8221;repeat&#8221; content_width=&#8221;79%&#8221; custom_padding=&#8221;|||&#8221; custom_padding_tablet=&#8221;|||&#8221; custom_padding_phone=&#8221;|||&#8221; auto=&#8221;on&#8221; auto_speed=&#8221;5000&#8243; box_shadow_style=&#8221;preset6&#8243; box_shadow_blur=&#8221;10px&#8221; box_shadow_color=&#8221;rgba(0,0,0,0.1)&#8221; remove_inner_shadow=&#8221;off&#8221; hide_content_on_mobile=&#8221;off&#8221; hide_cta_on_mobile=&#8221;off&#8221; show_inner_shadow=&#8221;on&#8221; button_letter_spacing_hover=&#8221;0&#8243; button_text_size__hover_enabled=&#8221;off&#8221; button_one_text_size__hover_enabled=&#8221;off&#8221; button_two_text_size__hover_enabled=&#8221;off&#8221; button_text_color__hover_enabled=&#8221;off&#8221; button_one_text_color__hover_enabled=&#8221;off&#8221; button_two_text_color__hover_enabled=&#8221;off&#8221; button_border_width__hover_enabled=&#8221;off&#8221; button_one_border_width__hover_enabled=&#8221;off&#8221; button_two_border_width__hover_enabled=&#8221;off&#8221; button_border_color__hover_enabled=&#8221;off&#8221; button_one_border_color__hover_enabled=&#8221;off&#8221; button_two_border_color__hover_enabled=&#8221;off&#8221; button_border_radius__hover_enabled=&#8221;off&#8221; button_one_border_radius__hover_enabled=&#8221;off&#8221; button_two_border_radius__hover_enabled=&#8221;off&#8221; button_letter_spacing__hover_enabled=&#8221;on&#8221; button_letter_spacing__hover=&#8221;0&#8243; button_one_letter_spacing__hover_enabled=&#8221;off&#8221; button_two_letter_spacing__hover_enabled=&#8221;off&#8221; button_bg_color__hover_enabled=&#8221;off&#8221; button_one_bg_color__hover_enabled=&#8221;off&#8221; button_two_bg_color__hover_enabled=&#8221;off&#8221;][et_pb_slide use_bg_overlay=&#8221;off&#8221; use_text_overlay=&#8221;off&#8221; admin_title=&#8221;Slide_01&#8243; _builder_version=&#8221;3.16&#8243; header_font=&#8221;||||&#8221; body_font=&#8221;||||&#8221; background_color=&#8221;#ffffff&#8221; background_image=&#8221;https:\/\/cavalcadadereis.cat\/svh\/wp-content\/uploads\/2017\/08\/slide_p1.png&#8221; button_icon_placement=&#8221;right&#8221; button_on_hover=&#8221;on&#8221; button_text_size__hover_enabled=&#8221;off&#8221; button_one_text_size__hover_enabled=&#8221;off&#8221; button_two_text_size__hover_enabled=&#8221;off&#8221; button_text_color__hover_enabled=&#8221;off&#8221; button_one_text_color__hover_enabled=&#8221;off&#8221; button_two_text_color__hover_enabled=&#8221;off&#8221; button_border_width__hover_enabled=&#8221;off&#8221; button_one_border_width__hover_enabled=&#8221;off&#8221; button_two_border_width__hover_enabled=&#8221;off&#8221; button_border_color__hover_enabled=&#8221;off&#8221; button_one_border_color__hover_enabled=&#8221;off&#8221; button_two_border_color__hover_enabled=&#8221;off&#8221; button_border_radius__hover_enabled=&#8221;off&#8221; button_one_border_radius__hover_enabled=&#8221;off&#8221; button_two_border_radius__hover_enabled=&#8221;off&#8221; button_letter_spacing__hover_enabled=&#8221;off&#8221; button_one_letter_spacing__hover_enabled=&#8221;off&#8221; button_two_letter_spacing__hover_enabled=&#8221;off&#8221; button_bg_color__hover_enabled=&#8221;off&#8221; button_one_bg_color__hover_enabled=&#8221;off&#8221; button_two_bg_color__hover_enabled=&#8221;off&#8221; sticky_transition=&#8221;on&#8221;] [\/et_pb_slide][et_pb_slide use_bg_overlay=&#8221;off&#8221; use_text_overlay=&#8221;off&#8221; admin_title=&#8221;Slide_02&#8243; _builder_version=&#8221;3.16&#8243; header_font=&#8221;||||&#8221; body_font=&#8221;||||&#8221; background_color=&#8221;#ffffff&#8221; background_image=&#8221;https:\/\/cavalcadadereis.cat\/svh\/wp-content\/uploads\/2017\/08\/slide_p2.png&#8221; button_icon_placement=&#8221;right&#8221; button_on_hover=&#8221;on&#8221; button_text_size__hover_enabled=&#8221;off&#8221; button_one_text_size__hover_enabled=&#8221;off&#8221; button_two_text_size__hover_enabled=&#8221;off&#8221; button_text_color__hover_enabled=&#8221;off&#8221; button_one_text_color__hover_enabled=&#8221;off&#8221; button_two_text_color__hover_enabled=&#8221;off&#8221; button_border_width__hover_enabled=&#8221;off&#8221; button_one_border_width__hover_enabled=&#8221;off&#8221; button_two_border_width__hover_enabled=&#8221;off&#8221; button_border_color__hover_enabled=&#8221;off&#8221; button_one_border_color__hover_enabled=&#8221;off&#8221; button_two_border_color__hover_enabled=&#8221;off&#8221; button_border_radius__hover_enabled=&#8221;off&#8221; button_one_border_radius__hover_enabled=&#8221;off&#8221; button_two_border_radius__hover_enabled=&#8221;off&#8221; button_letter_spacing__hover_enabled=&#8221;off&#8221; button_one_letter_spacing__hover_enabled=&#8221;off&#8221; button_two_letter_spacing__hover_enabled=&#8221;off&#8221; button_bg_color__hover_enabled=&#8221;off&#8221; button_one_bg_color__hover_enabled=&#8221;off&#8221; button_two_bg_color__hover_enabled=&#8221;off&#8221; sticky_transition=&#8221;on&#8221;] [\/et_pb_slide][et_pb_slide use_bg_overlay=&#8221;off&#8221; use_text_overlay=&#8221;off&#8221; admin_title=&#8221;Slide_03&#8243; _builder_version=&#8221;3.16&#8243; header_font=&#8221;||||&#8221; body_font=&#8221;||||&#8221; background_color=&#8221;#ffffff&#8221; background_image=&#8221;https:\/\/cavalcadadereis.cat\/svh\/wp-content\/uploads\/2017\/08\/slide_p3.png&#8221; button_icon_placement=&#8221;right&#8221; button_on_hover=&#8221;on&#8221; button_text_size__hover_enabled=&#8221;off&#8221; button_one_text_size__hover_enabled=&#8221;off&#8221; button_two_text_size__hover_enabled=&#8221;off&#8221; button_text_color__hover_enabled=&#8221;off&#8221; button_one_text_color__hover_enabled=&#8221;off&#8221; button_two_text_color__hover_enabled=&#8221;off&#8221; button_border_width__hover_enabled=&#8221;off&#8221; button_one_border_width__hover_enabled=&#8221;off&#8221; button_two_border_width__hover_enabled=&#8221;off&#8221; button_border_color__hover_enabled=&#8221;off&#8221; button_one_border_color__hover_enabled=&#8221;off&#8221; button_two_border_color__hover_enabled=&#8221;off&#8221; button_border_radius__hover_enabled=&#8221;off&#8221; button_one_border_radius__hover_enabled=&#8221;off&#8221; button_two_border_radius__hover_enabled=&#8221;off&#8221; button_letter_spacing__hover_enabled=&#8221;off&#8221; button_one_letter_spacing__hover_enabled=&#8221;off&#8221; button_two_letter_spacing__hover_enabled=&#8221;off&#8221; button_bg_color__hover_enabled=&#8221;off&#8221; button_one_bg_color__hover_enabled=&#8221;off&#8221; button_two_bg_color__hover_enabled=&#8221;off&#8221; sticky_transition=&#8221;on&#8221;] [\/et_pb_slide][et_pb_slide use_bg_overlay=&#8221;off&#8221; use_text_overlay=&#8221;off&#8221; admin_title=&#8221;Slide_04&#8243; _builder_version=&#8221;3.16&#8243; header_font=&#8221;||||&#8221; body_font=&#8221;||||&#8221; background_color=&#8221;#ffffff&#8221; background_image=&#8221;https:\/\/cavalcadadereis.cat\/svh\/wp-content\/uploads\/2017\/08\/slide_p4.png&#8221; button_icon_placement=&#8221;right&#8221; button_on_hover=&#8221;on&#8221; button_text_size__hover_enabled=&#8221;off&#8221; button_one_text_size__hover_enabled=&#8221;off&#8221; button_two_text_size__hover_enabled=&#8221;off&#8221; button_text_color__hover_enabled=&#8221;off&#8221; button_one_text_color__hover_enabled=&#8221;off&#8221; button_two_text_color__hover_enabled=&#8221;off&#8221; button_border_width__hover_enabled=&#8221;off&#8221; button_one_border_width__hover_enabled=&#8221;off&#8221; button_two_border_width__hover_enabled=&#8221;off&#8221; button_border_color__hover_enabled=&#8221;off&#8221; button_one_border_color__hover_enabled=&#8221;off&#8221; button_two_border_color__hover_enabled=&#8221;off&#8221; button_border_radius__hover_enabled=&#8221;off&#8221; button_one_border_radius__hover_enabled=&#8221;off&#8221; button_two_border_radius__hover_enabled=&#8221;off&#8221; button_letter_spacing__hover_enabled=&#8221;off&#8221; button_one_letter_spacing__hover_enabled=&#8221;off&#8221; button_two_letter_spacing__hover_enabled=&#8221;off&#8221; button_bg_color__hover_enabled=&#8221;off&#8221; button_one_bg_color__hover_enabled=&#8221;off&#8221; button_two_bg_color__hover_enabled=&#8221;off&#8221; sticky_transition=&#8221;on&#8221;] [\/et_pb_slide][\/et_pb_fullwidth_slider][\/et_pb_section][et_pb_section fb_built=&#8221;1&#8243; admin_label=&#8221;section&#8221; _builder_version=&#8221;3.22&#8243; background_color=&#8221;rgba(255,255,255,0)&#8221; background_image=&#8221;https:\/\/cavalcadadereis.cat\/svh\/wp-content\/uploads\/2017\/08\/Fons-02.jpg&#8221; background_size=&#8221;contain&#8221; background_position=&#8221;top_center&#8221; background_repeat=&#8221;repeat-y&#8221; transparent_background=&#8221;on&#8221;][et_pb_row column_structure=&#8221;2_3,1_3&#8243; admin_label=&#8221;row&#8221; _builder_version=&#8221;3.25&#8243; background_size=&#8221;initial&#8221; background_position=&#8221;top_left&#8221; background_repeat=&#8221;repeat&#8221;][et_pb_column type=&#8221;2_3&#8243; _builder_version=&#8221;3.25&#8243; custom_padding=&#8221;|||&#8221; custom_padding__hover=&#8221;|||&#8221;][et_pb_text _builder_version=&#8221;4.0.11&#8243; header_font=&#8221;|700|||||||&#8221; header_text_align=&#8221;justify&#8221; header_text_color=&#8221;#970000&#8243; header_font_size=&#8221;32px&#8221; header_line_height=&#8221;1.2em&#8221; background_size=&#8221;initial&#8221; background_position=&#8221;top_left&#8221; background_repeat=&#8221;repeat&#8221; border_style=&#8221;solid&#8221;]<\/p>\n<h1><strong>Benvinguts al web de la Cavalcada de Reis de Sant Vicen\u00e7 dels Horts!<\/strong><\/h1>\n<p style=\"text-align: justify;\">La Cavalcada de Reis de Sant Vicen\u00e7 dels Horts \u00e9s de les m\u00e9s antigues de les que es t\u00e9 const\u00e0ncia a Catalunya. La primera cavalcada que es va celebrar a la vila va ser l\u2019any 1896. Aquesta tradici\u00f3 \u00e9s de les m\u00e9s maques i m\u00e0giques de l\u2019any ja que cada 5 de gener, petits i grans esperen amb devoci\u00f3 l\u2019arribada del Reis Mags.<\/p>\n<p style=\"text-align: justify;\">En aquest web podreu trobar tota la informaci\u00f3 sobre la cavalcada de reis, <a href=\"mailto:reismags.svh@cavalcadadereis.cat\"><strong>enviar la carta als Reis Mags<\/strong><\/a> i con\u00e8ixer les \u00faltimes novetats sobre la cavalcada.<\/p>\n<p>&nbsp;<\/p>\n<p>[\/et_pb_text][et_pb_text _builder_version=&#8221;4.0.9&#8243; header_font=&#8221;Happy Monkey|on|||&#8221; header_text_color=&#8221;#970000&#8243; header_2_font=&#8221;||||||||&#8221; header_2_font_size=&#8221;29px&#8221; background_size=&#8221;initial&#8221; background_position=&#8221;top_left&#8221; background_repeat=&#8221;repeat&#8221; custom_margin=&#8221;||10px||false|false&#8221; border_style=&#8221;solid&#8221;]<\/p>\n<h2>Not\u00edcies<\/h2>\n<p>[\/et_pb_text][et_pb_blog include_categories=&#8221;16&#8243; meta_date=&#8221;j M Y&#8221; show_thumbnail=&#8221;off&#8221; show_content=&#8221;on&#8221; show_author=&#8221;off&#8221; show_categories=&#8221;off&#8221; show_pagination=&#8221;off&#8221; admin_label=&#8221;Not\u00edcies&#8221; _builder_version=&#8221;4.0.11&#8243;][\/et_pb_blog][\/et_pb_column][et_pb_column type=&#8221;1_3&#8243; _builder_version=&#8221;3.25&#8243; custom_padding=&#8221;|||&#8221; custom_padding__hover=&#8221;|||&#8221;][et_pb_sidebar area=&#8221;et_pb_widget_area_4&#8243; _builder_version=&#8221;4.7.7&#8243; custom_margin=&#8221;||-5vh||false|false&#8221; hover_enabled=&#8221;0&#8243; sticky_enabled=&#8221;0&#8243;][\/et_pb_sidebar][et_pb_sidebar area=&#8221;et_pb_widget_area_5&#8243; _builder_version=&#8221;4.7.7&#8243; _module_preset=&#8221;default&#8221; custom_margin=&#8221;-200vh||||false|false&#8221; custom_padding=&#8221;||||false|false&#8221; hover_enabled=&#8221;0&#8243; sticky_enabled=&#8221;0&#8243;][\/et_pb_sidebar][\/et_pb_column][\/et_pb_row][\/et_pb_section]<\/p>\n","protected":false},"excerpt":{"rendered":"<p>Benvinguts al web de la Cavalcada de Reis de Sant Vicen\u00e7 dels Horts! La Cavalcada de Reis de Sant Vicen\u00e7 dels Horts \u00e9s de les m\u00e9s antigues de les que es t\u00e9 const\u00e0ncia a Catalunya. La primera cavalcada que es va celebrar a la vila va ser l\u2019any 1896. Aquesta tradici\u00f3 \u00e9s de les m\u00e9s [&hellip;]<\/p>\n","protected":false},"author":1,"featured_media":0,"parent":0,"menu_order":11,"comment_status":"closed","ping_status":"closed","template":"","meta":{"_et_pb_use_builder":"on","_et_pb_old_content":"","_et_gb_content_width":"","footnotes":""},"folder":[],"class_list":["post-129","page","type-page","status-publish","hentry"],"yoast_head":"<!-- This site is optimized with the Yoast SEO plugin v26.6 - https:\/\/yoast.com\/wordpress\/plugins\/seo\/ -->\n<title>Inici - Cavalcada de Reis SVH<\/title>\n<meta name=\"robots\" content=\"index, follow, max-snippet:-1, max-image-preview:large, max-video-preview:-1\" \/>\n<link rel=\"canonical\" href=\"https:\/\/cavalcadadereis.cat\/svh\/inici-1\/\" \/>\n<meta property=\"og:locale\" content=\"ca_ES\" \/>\n<meta property=\"og:type\" content=\"article\" \/>\n<meta property=\"og:title\" content=\"Inici - Cavalcada de Reis SVH\" \/>\n<meta property=\"og:description\" content=\"Benvinguts al web de la Cavalcada de Reis de Sant Vicen\u00e7 dels Horts! La Cavalcada de Reis de Sant Vicen\u00e7 dels Horts \u00e9s de les m\u00e9s antigues de les que es t\u00e9 const\u00e0ncia a Catalunya. La primera cavalcada que es va celebrar a la vila va ser l\u2019any 1896. Aquesta tradici\u00f3 \u00e9s de les m\u00e9s [&hellip;]\" \/>\n<meta property=\"og:url\" content=\"https:\/\/cavalcadadereis.cat\/svh\/inici-1\/\" \/>\n<meta property=\"og:site_name\" content=\"Cavalcada de Reis SVH\" \/>\n<meta property=\"article:modified_time\" content=\"2022-01-29T19:26:34+00:00\" \/>\n<meta name=\"twitter:card\" content=\"summary_large_image\" \/>\n<meta name=\"twitter:label1\" content=\"Temps estimat de lectura\" \/>\n\t<meta name=\"twitter:data1\" content=\"7 minuts\" \/>\n<script type=\"application\/ld+json\" class=\"yoast-schema-graph\">{\"@context\":\"https:\/\/schema.org\",\"@graph\":[{\"@type\":\"WebPage\",\"@id\":\"https:\/\/cavalcadadereis.cat\/svh\/inici-1\/\",\"url\":\"https:\/\/cavalcadadereis.cat\/svh\/inici-1\/\",\"name\":\"Inici - Cavalcada de Reis SVH\",\"isPartOf\":{\"@id\":\"https:\/\/cavalcadadereis.cat\/svh\/#website\"},\"datePublished\":\"2017-08-21T13:07:44+00:00\",\"dateModified\":\"2022-01-29T19:26:34+00:00\",\"breadcrumb\":{\"@id\":\"https:\/\/cavalcadadereis.cat\/svh\/inici-1\/#breadcrumb\"},\"inLanguage\":\"ca\",\"potentialAction\":[{\"@type\":\"ReadAction\",\"target\":[\"https:\/\/cavalcadadereis.cat\/svh\/inici-1\/\"]}]},{\"@type\":\"BreadcrumbList\",\"@id\":\"https:\/\/cavalcadadereis.cat\/svh\/inici-1\/#breadcrumb\",\"itemListElement\":[{\"@type\":\"ListItem\",\"position\":1,\"name\":\"Inici\",\"item\":\"https:\/\/cavalcadadereis.cat\/svh\/\"},{\"@type\":\"ListItem\",\"position\":2,\"name\":\"Inici\"}]},{\"@type\":\"WebSite\",\"@id\":\"https:\/\/cavalcadadereis.cat\/svh\/#website\",\"url\":\"https:\/\/cavalcadadereis.cat\/svh\/\",\"name\":\"Cavalcada de Reis SVH\",\"description\":\"\",\"potentialAction\":[{\"@type\":\"SearchAction\",\"target\":{\"@type\":\"EntryPoint\",\"urlTemplate\":\"https:\/\/cavalcadadereis.cat\/svh\/?s={search_term_string}\"},\"query-input\":{\"@type\":\"PropertyValueSpecification\",\"valueRequired\":true,\"valueName\":\"search_term_string\"}}],\"inLanguage\":\"ca\"}]}<\/script>\n<!-- \/ Yoast SEO plugin. -->","yoast_head_json":{"title":"Inici - Cavalcada de Reis SVH","robots":{"index":"index","follow":"follow","max-snippet":"max-snippet:-1","max-image-preview":"max-image-preview:large","max-video-preview":"max-video-preview:-1"},"canonical":"https:\/\/cavalcadadereis.cat\/svh\/inici-1\/","og_locale":"ca_ES","og_type":"article","og_title":"Inici - Cavalcada de Reis SVH","og_description":"Benvinguts al web de la Cavalcada de Reis de Sant Vicen\u00e7 dels Horts! La Cavalcada de Reis de Sant Vicen\u00e7 dels Horts \u00e9s de les m\u00e9s antigues de les que es t\u00e9 const\u00e0ncia a Catalunya. La primera cavalcada que es va celebrar a la vila va ser l\u2019any 1896. Aquesta tradici\u00f3 \u00e9s de les m\u00e9s [&hellip;]","og_url":"https:\/\/cavalcadadereis.cat\/svh\/inici-1\/","og_site_name":"Cavalcada de Reis SVH","article_modified_time":"2022-01-29T19:26:34+00:00","twitter_card":"summary_large_image","twitter_misc":{"Temps estimat de lectura":"7 minuts"},"schema":{"@context":"https:\/\/schema.org","@graph":[{"@type":"WebPage","@id":"https:\/\/cavalcadadereis.cat\/svh\/inici-1\/","url":"https:\/\/cavalcadadereis.cat\/svh\/inici-1\/","name":"Inici - Cavalcada de Reis SVH","isPartOf":{"@id":"https:\/\/cavalcadadereis.cat\/svh\/#website"},"datePublished":"2017-08-21T13:07:44+00:00","dateModified":"2022-01-29T19:26:34+00:00","breadcrumb":{"@id":"https:\/\/cavalcadadereis.cat\/svh\/inici-1\/#breadcrumb"},"inLanguage":"ca","potentialAction":[{"@type":"ReadAction","target":["https:\/\/cavalcadadereis.cat\/svh\/inici-1\/"]}]},{"@type":"BreadcrumbList","@id":"https:\/\/cavalcadadereis.cat\/svh\/inici-1\/#breadcrumb","itemListElement":[{"@type":"ListItem","position":1,"name":"Inici","item":"https:\/\/cavalcadadereis.cat\/svh\/"},{"@type":"ListItem","position":2,"name":"Inici"}]},{"@type":"WebSite","@id":"https:\/\/cavalcadadereis.cat\/svh\/#website","url":"https:\/\/cavalcadadereis.cat\/svh\/","name":"Cavalcada de Reis SVH","description":"","potentialAction":[{"@type":"SearchAction","target":{"@type":"EntryPoint","urlTemplate":"https:\/\/cavalcadadereis.cat\/svh\/?s={search_term_string}"},"query-input":{"@type":"PropertyValueSpecification","valueRequired":true,"valueName":"search_term_string"}}],"inLanguage":"ca"}]}},"_links":{"self":[{"href":"https:\/\/cavalcadadereis.cat\/svh\/wp-json\/wp\/v2\/pages\/129","targetHints":{"allow":["GET"]}}],"collection":[{"href":"https:\/\/cavalcadadereis.cat\/svh\/wp-json\/wp\/v2\/pages"}],"about":[{"href":"https:\/\/cavalcadadereis.cat\/svh\/wp-json\/wp\/v2\/types\/page"}],"author":[{"embeddable":true,"href":"https:\/\/cavalcadadereis.cat\/svh\/wp-json\/wp\/v2\/users\/1"}],"replies":[{"embeddable":true,"href":"https:\/\/cavalcadadereis.cat\/svh\/wp-json\/wp\/v2\/comments?post=129"}],"version-history":[{"count":33,"href":"https:\/\/cavalcadadereis.cat\/svh\/wp-json\/wp\/v2\/pages\/129\/revisions"}],"predecessor-version":[{"id":1873,"href":"https:\/\/cavalcadadereis.cat\/svh\/wp-json\/wp\/v2\/pages\/129\/revisions\/1873"}],"wp:attachment":[{"href":"https:\/\/cavalcadadereis.cat\/svh\/wp-json\/wp\/v2\/media?parent=129"}],"wp:term":[{"taxonomy":"folder","embeddable":true,"href":"https:\/\/cavalcadadereis.cat\/svh\/wp-json\/wp\/v2\/folder?post=129"}],"curies":[{"name":"wp","href":"https:\/\/api.w.org\/{rel}","templated":true}]}}