{"id":1208,"date":"2018-01-04T13:20:11","date_gmt":"2018-01-04T12:20:11","guid":{"rendered":"http:\/\/cavalcadadereis.cat\/svh\/?page_id=1208"},"modified":"2022-01-28T21:56:43","modified_gmt":"2022-01-28T20:56:43","slug":"transparencia-1","status":"publish","type":"page","link":"https:\/\/cavalcadadereis.cat\/svh\/la-comissio-1\/transparencia-1\/","title":{"rendered":"Transpar\u00e8ncia"},"content":{"rendered":"<p>[et_pb_section fb_built=&#8221;1&#8243; fullwidth=&#8221;on&#8221; _builder_version=&#8221;3.22&#8243;][et_pb_fullwidth_slider show_arrows=&#8221;off&#8221; _builder_version=&#8221;4.0.9&#8243; background_size=&#8221;initial&#8221; background_position=&#8221;top_left&#8221; background_repeat=&#8221;repeat&#8221; custom_padding=&#8221;|||&#8221; custom_padding_tablet=&#8221;|||&#8221; custom_padding_phone=&#8221;|||&#8221; auto=&#8221;on&#8221; auto_speed=&#8221;5000&#8243; hover_enabled=&#8221;0&#8243; box_shadow_style=&#8221;preset6&#8243; box_shadow_blur=&#8221;10px&#8221; box_shadow_color=&#8221;rgba(0,0,0,0.1)&#8221; remove_inner_shadow=&#8221;off&#8221; hide_content_on_mobile=&#8221;off&#8221; hide_cta_on_mobile=&#8221;off&#8221; show_inner_shadow=&#8221;on&#8221; button_letter_spacing_hover=&#8221;0&#8243; button_text_size__hover_enabled=&#8221;off&#8221; button_one_text_size__hover_enabled=&#8221;off&#8221; button_two_text_size__hover_enabled=&#8221;off&#8221; button_text_color__hover_enabled=&#8221;off&#8221; button_one_text_color__hover_enabled=&#8221;off&#8221; button_two_text_color__hover_enabled=&#8221;off&#8221; button_border_width__hover_enabled=&#8221;off&#8221; button_one_border_width__hover_enabled=&#8221;off&#8221; button_two_border_width__hover_enabled=&#8221;off&#8221; button_border_color__hover_enabled=&#8221;off&#8221; button_one_border_color__hover_enabled=&#8221;off&#8221; button_two_border_color__hover_enabled=&#8221;off&#8221; button_border_radius__hover_enabled=&#8221;off&#8221; button_one_border_radius__hover_enabled=&#8221;off&#8221; button_two_border_radius__hover_enabled=&#8221;off&#8221; button_letter_spacing__hover_enabled=&#8221;on&#8221; button_letter_spacing__hover=&#8221;0&#8243; button_one_letter_spacing__hover_enabled=&#8221;off&#8221; button_two_letter_spacing__hover_enabled=&#8221;off&#8221; button_bg_color__hover_enabled=&#8221;off&#8221; button_one_bg_color__hover_enabled=&#8221;off&#8221; button_two_bg_color__hover_enabled=&#8221;off&#8221; content_width=&#8221;79%&#8221;][et_pb_slide use_bg_overlay=&#8221;off&#8221; use_text_overlay=&#8221;off&#8221; admin_title=&#8221;Slide_01&#8243; _builder_version=&#8221;3.16&#8243; header_font=&#8221;||||&#8221; body_font=&#8221;||||&#8221; background_color=&#8221;#ffffff&#8221; background_image=&#8221;https:\/\/cavalcadadereis.cat\/svh\/wp-content\/uploads\/2017\/08\/slide_p1.png&#8221; button_icon_placement=&#8221;right&#8221; button_on_hover=&#8221;on&#8221; button_text_size__hover_enabled=&#8221;off&#8221; button_one_text_size__hover_enabled=&#8221;off&#8221; button_two_text_size__hover_enabled=&#8221;off&#8221; button_text_color__hover_enabled=&#8221;off&#8221; button_one_text_color__hover_enabled=&#8221;off&#8221; button_two_text_color__hover_enabled=&#8221;off&#8221; button_border_width__hover_enabled=&#8221;off&#8221; button_one_border_width__hover_enabled=&#8221;off&#8221; button_two_border_width__hover_enabled=&#8221;off&#8221; button_border_color__hover_enabled=&#8221;off&#8221; button_one_border_color__hover_enabled=&#8221;off&#8221; button_two_border_color__hover_enabled=&#8221;off&#8221; button_border_radius__hover_enabled=&#8221;off&#8221; button_one_border_radius__hover_enabled=&#8221;off&#8221; button_two_border_radius__hover_enabled=&#8221;off&#8221; button_letter_spacing__hover_enabled=&#8221;off&#8221; button_one_letter_spacing__hover_enabled=&#8221;off&#8221; button_two_letter_spacing__hover_enabled=&#8221;off&#8221; button_bg_color__hover_enabled=&#8221;off&#8221; button_one_bg_color__hover_enabled=&#8221;off&#8221; button_two_bg_color__hover_enabled=&#8221;off&#8221;] [\/et_pb_slide][et_pb_slide use_bg_overlay=&#8221;off&#8221; use_text_overlay=&#8221;off&#8221; admin_title=&#8221;Slide_02&#8243; _builder_version=&#8221;3.16&#8243; header_font=&#8221;||||&#8221; body_font=&#8221;||||&#8221; background_color=&#8221;#ffffff&#8221; background_image=&#8221;https:\/\/cavalcadadereis.cat\/svh\/wp-content\/uploads\/2017\/08\/slide_p2.png&#8221; button_icon_placement=&#8221;right&#8221; button_on_hover=&#8221;on&#8221; button_text_size__hover_enabled=&#8221;off&#8221; button_one_text_size__hover_enabled=&#8221;off&#8221; button_two_text_size__hover_enabled=&#8221;off&#8221; button_text_color__hover_enabled=&#8221;off&#8221; button_one_text_color__hover_enabled=&#8221;off&#8221; button_two_text_color__hover_enabled=&#8221;off&#8221; button_border_width__hover_enabled=&#8221;off&#8221; button_one_border_width__hover_enabled=&#8221;off&#8221; button_two_border_width__hover_enabled=&#8221;off&#8221; button_border_color__hover_enabled=&#8221;off&#8221; button_one_border_color__hover_enabled=&#8221;off&#8221; button_two_border_color__hover_enabled=&#8221;off&#8221; button_border_radius__hover_enabled=&#8221;off&#8221; button_one_border_radius__hover_enabled=&#8221;off&#8221; button_two_border_radius__hover_enabled=&#8221;off&#8221; button_letter_spacing__hover_enabled=&#8221;off&#8221; button_one_letter_spacing__hover_enabled=&#8221;off&#8221; button_two_letter_spacing__hover_enabled=&#8221;off&#8221; button_bg_color__hover_enabled=&#8221;off&#8221; button_one_bg_color__hover_enabled=&#8221;off&#8221; button_two_bg_color__hover_enabled=&#8221;off&#8221;] [\/et_pb_slide][et_pb_slide use_bg_overlay=&#8221;off&#8221; use_text_overlay=&#8221;off&#8221; admin_title=&#8221;Slide_03&#8243; _builder_version=&#8221;3.16&#8243; header_font=&#8221;||||&#8221; body_font=&#8221;||||&#8221; background_color=&#8221;#ffffff&#8221; background_image=&#8221;https:\/\/cavalcadadereis.cat\/svh\/wp-content\/uploads\/2017\/08\/slide_p3.png&#8221; button_icon_placement=&#8221;right&#8221; button_on_hover=&#8221;on&#8221; button_text_size__hover_enabled=&#8221;off&#8221; button_one_text_size__hover_enabled=&#8221;off&#8221; button_two_text_size__hover_enabled=&#8221;off&#8221; button_text_color__hover_enabled=&#8221;off&#8221; button_one_text_color__hover_enabled=&#8221;off&#8221; button_two_text_color__hover_enabled=&#8221;off&#8221; button_border_width__hover_enabled=&#8221;off&#8221; button_one_border_width__hover_enabled=&#8221;off&#8221; button_two_border_width__hover_enabled=&#8221;off&#8221; button_border_color__hover_enabled=&#8221;off&#8221; button_one_border_color__hover_enabled=&#8221;off&#8221; button_two_border_color__hover_enabled=&#8221;off&#8221; button_border_radius__hover_enabled=&#8221;off&#8221; button_one_border_radius__hover_enabled=&#8221;off&#8221; button_two_border_radius__hover_enabled=&#8221;off&#8221; button_letter_spacing__hover_enabled=&#8221;off&#8221; button_one_letter_spacing__hover_enabled=&#8221;off&#8221; button_two_letter_spacing__hover_enabled=&#8221;off&#8221; button_bg_color__hover_enabled=&#8221;off&#8221; button_one_bg_color__hover_enabled=&#8221;off&#8221; button_two_bg_color__hover_enabled=&#8221;off&#8221;] [\/et_pb_slide][et_pb_slide use_bg_overlay=&#8221;off&#8221; use_text_overlay=&#8221;off&#8221; admin_title=&#8221;Slide_04&#8243; _builder_version=&#8221;3.16&#8243; header_font=&#8221;||||&#8221; body_font=&#8221;||||&#8221; background_color=&#8221;#ffffff&#8221; background_image=&#8221;https:\/\/cavalcadadereis.cat\/svh\/wp-content\/uploads\/2017\/08\/slide_p4.png&#8221; button_icon_placement=&#8221;right&#8221; button_on_hover=&#8221;on&#8221; button_text_size__hover_enabled=&#8221;off&#8221; button_one_text_size__hover_enabled=&#8221;off&#8221; button_two_text_size__hover_enabled=&#8221;off&#8221; button_text_color__hover_enabled=&#8221;off&#8221; button_one_text_color__hover_enabled=&#8221;off&#8221; button_two_text_color__hover_enabled=&#8221;off&#8221; button_border_width__hover_enabled=&#8221;off&#8221; button_one_border_width__hover_enabled=&#8221;off&#8221; button_two_border_width__hover_enabled=&#8221;off&#8221; button_border_color__hover_enabled=&#8221;off&#8221; button_one_border_color__hover_enabled=&#8221;off&#8221; button_two_border_color__hover_enabled=&#8221;off&#8221; button_border_radius__hover_enabled=&#8221;off&#8221; button_one_border_radius__hover_enabled=&#8221;off&#8221; button_two_border_radius__hover_enabled=&#8221;off&#8221; button_letter_spacing__hover_enabled=&#8221;off&#8221; button_one_letter_spacing__hover_enabled=&#8221;off&#8221; button_two_letter_spacing__hover_enabled=&#8221;off&#8221; button_bg_color__hover_enabled=&#8221;off&#8221; button_one_bg_color__hover_enabled=&#8221;off&#8221; button_two_bg_color__hover_enabled=&#8221;off&#8221;] [\/et_pb_slide][\/et_pb_fullwidth_slider][\/et_pb_section][et_pb_section fb_built=&#8221;1&#8243; admin_label=&#8221;section&#8221; _builder_version=&#8221;3.22&#8243; background_color=&#8221;rgba(255,255,255,0)&#8221; background_image=&#8221;https:\/\/cavalcadadereis.cat\/svh\/wp-content\/uploads\/2017\/08\/Fons-02.jpg&#8221; background_size=&#8221;contain&#8221; background_position=&#8221;top_center&#8221; background_repeat=&#8221;repeat-y&#8221; transparent_background=&#8221;on&#8221;][et_pb_row admin_label=&#8221;row&#8221; _builder_version=&#8221;3.25&#8243; background_size=&#8221;initial&#8221; background_position=&#8221;top_left&#8221; background_repeat=&#8221;repeat&#8221;][et_pb_column type=&#8221;4_4&#8243; _builder_version=&#8221;3.25&#8243; custom_padding=&#8221;|||&#8221; custom_padding__hover=&#8221;|||&#8221;][et_pb_post_title meta=&#8221;off&#8221; featured_image=&#8221;off&#8221; _builder_version=&#8221;3.7&#8243; title_text_color=&#8221;#970000&#8243; title_letter_spacing=&#8221;1px&#8221; parallax=&#8221;on&#8221; parallax_method=&#8221;off&#8221; parallax_effect=&#8221;on&#8221; use_border_color=&#8221;off&#8221; border_color=&#8221;#ffffff&#8221; border_style=&#8221;solid&#8221;][\/et_pb_post_title][et_pb_text _builder_version=&#8221;4.0.9&#8243; header_font=&#8221;Happy Monkey|on|||&#8221; header_text_color=&#8221;#970000&#8243; background_size=&#8221;initial&#8221; background_position=&#8221;top_left&#8221; background_repeat=&#8221;repeat&#8221; hover_enabled=&#8221;0&#8243; border_style=&#8221;solid&#8221;]<\/p>\n<p style=\"text-align: justify;\">La cavalcada de reis de Sant Vicen\u00e7 dels Horts est\u00e0 organitzada integrament per voluntaris a trav\u00e9s de la Comissi\u00f3 Organitzadora de la Cavalcada de Reis que dediquen el seu temps i esfor\u00e7 a la preparaci\u00f3 de la nit de reis al llarg de tot l\u2019any. La cavalcada tamb\u00e9 rep el suport econ\u00f2mic de l\u2019Ajuntament de Sant Vicen\u00e7 dels Horts per tal de poder fer front a les despeses de compra de material per a la seva elaboraci\u00f3.<\/p>\n<p>&nbsp;<\/p>\n<table width=\"1\">\n<tbody>\n<tr>\n<td style=\"text-align: center;\" width=\"113\"><strong>Refer\u00e8ncia<\/strong><\/td>\n<td style=\"text-align: center;\" width=\"113\"><strong>Data<\/strong><\/td>\n<td style=\"text-align: center;\" width=\"113\"><strong>Import<\/strong><\/td>\n<td style=\"text-align: center;\" width=\"236\"><strong>Concepte<\/strong><\/td>\n<\/tr>\n<tr>\n<td style=\"text-align: center;\" width=\"113\">2018C<\/td>\n<td style=\"text-align: center;\" width=\"113\">24\/05\/2017<\/td>\n<td style=\"text-align: center;\" width=\"113\">32.000 \u20ac<\/td>\n<td width=\"236\">Organitzaci\u00f3 general de la cavalcada i material per substituci\u00f3 de dues plataformes velles<\/td>\n<\/tr>\n<tr>\n<td style=\"text-align: center;\" width=\"113\">2017C<\/td>\n<td style=\"text-align: center;\" width=\"113\">09\/11\/2016<\/td>\n<td style=\"text-align: center;\" width=\"113\">20.000 \u20ac<\/td>\n<td width=\"236\">Organitzaci\u00f3 general de la cavalcada<\/td>\n<\/tr>\n<tr>\n<td style=\"text-align: center;\" width=\"113\">2016 C<\/td>\n<td style=\"text-align: center;\" width=\"113\">28\/10\/2015<\/td>\n<td style=\"text-align: center;\" width=\"113\">20.000 \u20ac<\/td>\n<td width=\"236\">Organitzaci\u00f3 general de la cavalcada<\/td>\n<\/tr>\n<tr>\n<td style=\"text-align: center;\" width=\"113\">2016 A<\/td>\n<td style=\"text-align: center;\" width=\"113\">08\/06\/2016<\/td>\n<td style=\"text-align: center;\" width=\"113\">7.188 \u20ac<\/td>\n<td width=\"236\">Material per substituci\u00f3 de dues plataformes velles<\/td>\n<\/tr>\n<tr>\n<td style=\"text-align: center;\" width=\"113\">2016 A<\/td>\n<td style=\"text-align: center;\" width=\"113\">01\/12\/2016<\/td>\n<td style=\"text-align: center;\" width=\"113\">4.792 \u20ac<\/td>\n<td width=\"236\">Material per substituci\u00f3 de dues plataformes velles<\/td>\n<\/tr>\n<tr>\n<td style=\"text-align: center;\" width=\"113\">2015 C<\/td>\n<td style=\"text-align: center;\" width=\"113\">19\/11\/2014<\/td>\n<td style=\"text-align: center;\" width=\"113\">20.000 \u20ac<\/td>\n<td width=\"236\">Organitzaci\u00f3 general de la cavalcada<\/td>\n<\/tr>\n<tr>\n<td style=\"text-align: center;\" width=\"113\">2015 A<\/td>\n<td style=\"text-align: center;\" width=\"113\">27\/05\/2015<\/td>\n<td style=\"text-align: center;\" width=\"113\">7.188 \u20ac<\/td>\n<td width=\"236\">Material per substituci\u00f3 de dues plataformes velles<\/td>\n<\/tr>\n<tr>\n<td style=\"text-align: center;\" width=\"113\">2015 A<\/td>\n<td style=\"text-align: center;\" width=\"113\">23\/12\/2015<\/td>\n<td style=\"text-align: center;\" width=\"113\">4.792 \u20ac<\/td>\n<td width=\"236\">Material per substituci\u00f3 de dues plataformes velles<\/td>\n<\/tr>\n<tr>\n<td style=\"text-align: center;\" width=\"113\">2014 A<\/td>\n<td style=\"text-align: center;\" width=\"113\">30\/04\/2014<\/td>\n<td style=\"text-align: center;\" width=\"113\">7.050 \u20ac<\/td>\n<td width=\"236\">Material per substituci\u00f3 de dues plataformes velles<\/td>\n<\/tr>\n<tr>\n<td style=\"text-align: center;\" width=\"113\">2014 A<\/td>\n<td style=\"text-align: center;\" width=\"113\">21\/01\/2015<\/td>\n<td style=\"text-align: center;\" width=\"113\">4.700 \u20ac<\/td>\n<td width=\"236\">Material per substituci\u00f3 de dues plataformes velles<\/td>\n<\/tr>\n<\/tbody>\n<\/table>\n<p>[\/et_pb_text][\/et_pb_column][\/et_pb_row][\/et_pb_section]<\/p>\n","protected":false},"excerpt":{"rendered":"<p>La cavalcada de reis de Sant Vicen\u00e7 dels Horts est\u00e0 organitzada integrament per voluntaris a trav\u00e9s de la Comissi\u00f3 Organitzadora de la Cavalcada de Reis que dediquen el seu temps i esfor\u00e7 a la preparaci\u00f3 de la nit de reis al llarg de tot l\u2019any. La cavalcada tamb\u00e9 rep el suport econ\u00f2mic de l\u2019Ajuntament de [&hellip;]<\/p>\n","protected":false},"author":1,"featured_media":0,"parent":133,"menu_order":5,"comment_status":"closed","ping_status":"closed","template":"","meta":{"_et_pb_use_builder":"on","_et_pb_old_content":"<p>La cavalcada de reis de Sant Vicen\u00e7 dels Horts est\u00e0 organitzada integrament per voluntaris a trav\u00e9s de la Comissi\u00f3 Organitzadora de la Cavalcada de Reis que dediquen el seu temps i esfor\u00e7 a la preparaci\u00f3 de la nit de reis al llarc de tot l'any. La cavalcada tamb\u00e9 rep el suport economic de l'Ajuntament de Sant Vicen\u00e7 per tal de poder fer front a les despeses de compra de material per a la seva elaboraci\u00f3.<\/p><p>\u00a0<\/p><table width=\"0\"><tbody><tr><td width=\"113\">Refer\u00e8ncia<\/td><td width=\"113\">Data<\/td><td width=\"113\">Import<\/td><td width=\"236\">Concepte<\/td><\/tr><tr><td width=\"113\">2018C<\/td><td width=\"113\">24\/05\/2017<\/td><td width=\"113\">32.000<\/td><td width=\"236\">Organitzaci\u00f3 general de la cavalcada i material per subsituci\u00f3 de dues plataformes velles<\/td><\/tr><tr><td width=\"113\">2017C<\/td><td width=\"113\">09\/11\/2016<\/td><td width=\"113\">20.000<\/td><td width=\"236\">Organitzaci\u00f3 general de la cavalcada<\/td><\/tr><tr><td width=\"113\">2016 C<\/td><td width=\"113\">28\/10\/2015<\/td><td width=\"113\">20.000<\/td><td width=\"236\">Organitzaci\u00f3 general de la cavalcada<\/td><\/tr><tr><td width=\"113\">2016 A<\/td><td width=\"113\">08\/06\/2016<\/td><td width=\"113\">7.188<\/td><td width=\"236\">Material per substituci\u00f3 de dues plataformes velles<\/td><\/tr><tr><td width=\"113\">2016 A<\/td><td width=\"113\">01\/12\/2016<\/td><td width=\"113\">4.792<\/td><td width=\"236\">Material per substituci\u00f3 de dues plataformes velles<\/td><\/tr><tr><td width=\"113\">2015 C<\/td><td width=\"113\">19\/11\/2014<\/td><td width=\"113\">20.000<\/td><td width=\"236\">Organitzaci\u00f3 general de la cavalcada<\/td><\/tr><tr><td width=\"113\">2015 A<\/td><td width=\"113\">27\/05\/2015<\/td><td width=\"113\">7.188<\/td><td width=\"236\">Material per substituci\u00f3 de dues plataformes velles<\/td><\/tr><tr><td width=\"113\">2015 A<\/td><td width=\"113\">23\/12\/2015<\/td><td width=\"113\">4.792<\/td><td width=\"236\">Material per substituci\u00f3 de dues plataformes velles<\/td><\/tr><tr><td width=\"113\">2014 A<\/td><td width=\"113\">30\/04\/2014<\/td><td width=\"113\">7.050<\/td><td width=\"236\">Material per substituci\u00f3 de dues plataformes velles<\/td><\/tr><tr><td width=\"113\">2014 A<\/td><td width=\"113\">21\/01\/2015<\/td><td width=\"113\">4.700<\/td><td width=\"236\">Material per substituci\u00f3 de dues plataformes velles<\/td><\/tr><\/tbody><\/table>","_et_gb_content_width":"","footnotes":""},"folder":[],"class_list":["post-1208","page","type-page","status-publish","hentry"],"yoast_head":"<!-- This site is optimized with the Yoast SEO plugin v26.6 - https:\/\/yoast.com\/wordpress\/plugins\/seo\/ -->\n<title>Transpar\u00e8ncia - Cavalcada de Reis SVH<\/title>\n<meta name=\"robots\" content=\"index, follow, max-snippet:-1, max-image-preview:large, max-video-preview:-1\" \/>\n<link rel=\"canonical\" href=\"https:\/\/cavalcadadereis.cat\/svh\/la-comissio-1\/transparencia-1\/\" \/>\n<meta property=\"og:locale\" content=\"ca_ES\" \/>\n<meta property=\"og:type\" content=\"article\" \/>\n<meta property=\"og:title\" content=\"Transpar\u00e8ncia - Cavalcada de Reis SVH\" \/>\n<meta property=\"og:description\" content=\"La cavalcada de reis de Sant Vicen\u00e7 dels Horts est\u00e0 organitzada integrament per voluntaris a trav\u00e9s de la Comissi\u00f3 Organitzadora de la Cavalcada de Reis que dediquen el seu temps i esfor\u00e7 a la preparaci\u00f3 de la nit de reis al llarg de tot l\u2019any. La cavalcada tamb\u00e9 rep el suport econ\u00f2mic de l\u2019Ajuntament de [&hellip;]\" \/>\n<meta property=\"og:url\" content=\"https:\/\/cavalcadadereis.cat\/svh\/la-comissio-1\/transparencia-1\/\" \/>\n<meta property=\"og:site_name\" content=\"Cavalcada de Reis SVH\" \/>\n<meta property=\"article:modified_time\" content=\"2022-01-28T20:56:43+00:00\" \/>\n<meta name=\"twitter:card\" content=\"summary_large_image\" \/>\n<meta name=\"twitter:label1\" content=\"Temps estimat de lectura\" \/>\n\t<meta name=\"twitter:data1\" content=\"6 minuts\" \/>\n<script type=\"application\/ld+json\" class=\"yoast-schema-graph\">{\"@context\":\"https:\/\/schema.org\",\"@graph\":[{\"@type\":\"WebPage\",\"@id\":\"https:\/\/cavalcadadereis.cat\/svh\/la-comissio-1\/transparencia-1\/\",\"url\":\"https:\/\/cavalcadadereis.cat\/svh\/la-comissio-1\/transparencia-1\/\",\"name\":\"Transpar\u00e8ncia - Cavalcada de Reis SVH\",\"isPartOf\":{\"@id\":\"https:\/\/cavalcadadereis.cat\/svh\/#website\"},\"datePublished\":\"2018-01-04T12:20:11+00:00\",\"dateModified\":\"2022-01-28T20:56:43+00:00\",\"breadcrumb\":{\"@id\":\"https:\/\/cavalcadadereis.cat\/svh\/la-comissio-1\/transparencia-1\/#breadcrumb\"},\"inLanguage\":\"ca\",\"potentialAction\":[{\"@type\":\"ReadAction\",\"target\":[\"https:\/\/cavalcadadereis.cat\/svh\/la-comissio-1\/transparencia-1\/\"]}]},{\"@type\":\"BreadcrumbList\",\"@id\":\"https:\/\/cavalcadadereis.cat\/svh\/la-comissio-1\/transparencia-1\/#breadcrumb\",\"itemListElement\":[{\"@type\":\"ListItem\",\"position\":1,\"name\":\"Inici\",\"item\":\"https:\/\/cavalcadadereis.cat\/svh\/\"},{\"@type\":\"ListItem\",\"position\":2,\"name\":\"La Comissi\u00f3\",\"item\":\"https:\/\/cavalcadadereis.cat\/svh\/la-comissio-1\/\"},{\"@type\":\"ListItem\",\"position\":3,\"name\":\"Transpar\u00e8ncia\"}]},{\"@type\":\"WebSite\",\"@id\":\"https:\/\/cavalcadadereis.cat\/svh\/#website\",\"url\":\"https:\/\/cavalcadadereis.cat\/svh\/\",\"name\":\"Cavalcada de Reis SVH\",\"description\":\"\",\"potentialAction\":[{\"@type\":\"SearchAction\",\"target\":{\"@type\":\"EntryPoint\",\"urlTemplate\":\"https:\/\/cavalcadadereis.cat\/svh\/?s={search_term_string}\"},\"query-input\":{\"@type\":\"PropertyValueSpecification\",\"valueRequired\":true,\"valueName\":\"search_term_string\"}}],\"inLanguage\":\"ca\"}]}<\/script>\n<!-- \/ Yoast SEO plugin. -->","yoast_head_json":{"title":"Transpar\u00e8ncia - Cavalcada de Reis SVH","robots":{"index":"index","follow":"follow","max-snippet":"max-snippet:-1","max-image-preview":"max-image-preview:large","max-video-preview":"max-video-preview:-1"},"canonical":"https:\/\/cavalcadadereis.cat\/svh\/la-comissio-1\/transparencia-1\/","og_locale":"ca_ES","og_type":"article","og_title":"Transpar\u00e8ncia - Cavalcada de Reis SVH","og_description":"La cavalcada de reis de Sant Vicen\u00e7 dels Horts est\u00e0 organitzada integrament per voluntaris a trav\u00e9s de la Comissi\u00f3 Organitzadora de la Cavalcada de Reis que dediquen el seu temps i esfor\u00e7 a la preparaci\u00f3 de la nit de reis al llarg de tot l\u2019any. La cavalcada tamb\u00e9 rep el suport econ\u00f2mic de l\u2019Ajuntament de [&hellip;]","og_url":"https:\/\/cavalcadadereis.cat\/svh\/la-comissio-1\/transparencia-1\/","og_site_name":"Cavalcada de Reis SVH","article_modified_time":"2022-01-28T20:56:43+00:00","twitter_card":"summary_large_image","twitter_misc":{"Temps estimat de lectura":"6 minuts"},"schema":{"@context":"https:\/\/schema.org","@graph":[{"@type":"WebPage","@id":"https:\/\/cavalcadadereis.cat\/svh\/la-comissio-1\/transparencia-1\/","url":"https:\/\/cavalcadadereis.cat\/svh\/la-comissio-1\/transparencia-1\/","name":"Transpar\u00e8ncia - Cavalcada de Reis SVH","isPartOf":{"@id":"https:\/\/cavalcadadereis.cat\/svh\/#website"},"datePublished":"2018-01-04T12:20:11+00:00","dateModified":"2022-01-28T20:56:43+00:00","breadcrumb":{"@id":"https:\/\/cavalcadadereis.cat\/svh\/la-comissio-1\/transparencia-1\/#breadcrumb"},"inLanguage":"ca","potentialAction":[{"@type":"ReadAction","target":["https:\/\/cavalcadadereis.cat\/svh\/la-comissio-1\/transparencia-1\/"]}]},{"@type":"BreadcrumbList","@id":"https:\/\/cavalcadadereis.cat\/svh\/la-comissio-1\/transparencia-1\/#breadcrumb","itemListElement":[{"@type":"ListItem","position":1,"name":"Inici","item":"https:\/\/cavalcadadereis.cat\/svh\/"},{"@type":"ListItem","position":2,"name":"La Comissi\u00f3","item":"https:\/\/cavalcadadereis.cat\/svh\/la-comissio-1\/"},{"@type":"ListItem","position":3,"name":"Transpar\u00e8ncia"}]},{"@type":"WebSite","@id":"https:\/\/cavalcadadereis.cat\/svh\/#website","url":"https:\/\/cavalcadadereis.cat\/svh\/","name":"Cavalcada de Reis SVH","description":"","potentialAction":[{"@type":"SearchAction","target":{"@type":"EntryPoint","urlTemplate":"https:\/\/cavalcadadereis.cat\/svh\/?s={search_term_string}"},"query-input":{"@type":"PropertyValueSpecification","valueRequired":true,"valueName":"search_term_string"}}],"inLanguage":"ca"}]}},"_links":{"self":[{"href":"https:\/\/cavalcadadereis.cat\/svh\/wp-json\/wp\/v2\/pages\/1208","targetHints":{"allow":["GET"]}}],"collection":[{"href":"https:\/\/cavalcadadereis.cat\/svh\/wp-json\/wp\/v2\/pages"}],"about":[{"href":"https:\/\/cavalcadadereis.cat\/svh\/wp-json\/wp\/v2\/types\/page"}],"author":[{"embeddable":true,"href":"https:\/\/cavalcadadereis.cat\/svh\/wp-json\/wp\/v2\/users\/1"}],"replies":[{"embeddable":true,"href":"https:\/\/cavalcadadereis.cat\/svh\/wp-json\/wp\/v2\/comments?post=1208"}],"version-history":[{"count":6,"href":"https:\/\/cavalcadadereis.cat\/svh\/wp-json\/wp\/v2\/pages\/1208\/revisions"}],"predecessor-version":[{"id":2248,"href":"https:\/\/cavalcadadereis.cat\/svh\/wp-json\/wp\/v2\/pages\/1208\/revisions\/2248"}],"up":[{"embeddable":true,"href":"https:\/\/cavalcadadereis.cat\/svh\/wp-json\/wp\/v2\/pages\/133"}],"wp:attachment":[{"href":"https:\/\/cavalcadadereis.cat\/svh\/wp-json\/wp\/v2\/media?parent=1208"}],"wp:term":[{"taxonomy":"folder","embeddable":true,"href":"https:\/\/cavalcadadereis.cat\/svh\/wp-json\/wp\/v2\/folder?post=1208"}],"curies":[{"name":"wp","href":"https:\/\/api.w.org\/{rel}","templated":true}]}}